{"id":12731,"date":"2009-10-30T07:48:00","date_gmt":"2009-10-30T11:48:00","guid":{"rendered":"http:\/\/ctccollector.ca\/store\/?post_type=product&#038;p=12731"},"modified":"2022-12-19T12:49:27","modified_gmt":"2022-12-19T17:49:27","slug":"gas-bar-receipt-bilingual-unc","status":"publish","type":"product","link":"https:\/\/ctccollector.ca\/store\/shop\/gas-bar-receipt-bilingual-unc\/","title":{"rendered":"[:en]Gas Bar Receipt &#8211; Bilingual  &#8211;  UNC[:fr]Gas Bar Receipt &#8211; Bilingue  &#8211;  UNC[:]"},"content":{"rendered":"<p>[:en]English on one side, French on the other side.<br \/>\nThis receipt was being issued in the late 1980&#8217;s.<br \/>\nOn regular white bond paper with red ink.<br \/>\n&nbsp;Format : 5.5 x 2.5 inches [:fr]L&#8217;anglais d&#8217;un c\u00f4t\u00e9, le fran\u00e7ais de l&#8217;autre c\u00f4t\u00e9.<br \/>\nCe re\u00e7u a \u00e9t\u00e9 \u00e9mis \u00e0 la fin des ann\u00e9es 1980.<br \/>\nSur du papier blanc normal avec de l&#8217;encre rouge.<br \/>\n&nbsp;Format : 5.5 x 2.5 pouces [:]<\/p>\n","protected":false},"excerpt":{"rendered":"<p>[:en]English on one side, French on the other side. This receipt was being issued in the late 1980&#8217;s. On regular white bond paper with red ink. &nbsp;Format : 5.5 x 2.5 inches [:fr]L&#8217;anglais d&#8217;un c\u00f4t\u00e9, le fran\u00e7ais de l&#8217;autre c\u00f4t\u00e9. Ce re\u00e7u a \u00e9t\u00e9 \u00e9mis \u00e0 la fin des ann\u00e9es 1980. Sur du papier blanc &hellip; <a href=\"https:\/\/ctccollector.ca\/store\/shop\/gas-bar-receipt-bilingual-unc\/\" class=\"more-link\">Continue reading <span class=\"screen-reader-text\">[:en]Gas Bar Receipt &#8211; Bilingual  &#8211;  UNC[:fr]Gas Bar Receipt &#8211; Bilingue  &#8211;  UNC[:]<\/span> <span class=\"meta-nav\">&rarr;<\/span><\/a><\/p>\n","protected":false},"featured_media":12732,"template":"","meta":[],"product_brand":[],"product_cat":[223],"product_tag":[],"class_list":{"0":"post-12731","1":"product","2":"type-product","3":"status-publish","4":"has-post-thumbnail","6":"product_cat-other-2","9":"first","10":"instock","11":"shipping-taxable","12":"purchasable","13":"product-type-simple"},"_links":{"self":[{"href":"https:\/\/ctccollector.ca\/store\/wp-json\/wp\/v2\/product\/12731","targetHints":{"allow":["GET"]}}],"collection":[{"href":"https:\/\/ctccollector.ca\/store\/wp-json\/wp\/v2\/product"}],"about":[{"href":"https:\/\/ctccollector.ca\/store\/wp-json\/wp\/v2\/types\/product"}],"wp:featuredmedia":[{"embeddable":true,"href":"https:\/\/ctccollector.ca\/store\/wp-json\/wp\/v2\/media\/12732"}],"wp:attachment":[{"href":"https:\/\/ctccollector.ca\/store\/wp-json\/wp\/v2\/media?parent=12731"}],"wp:term":[{"taxonomy":"product_brand","embeddable":true,"href":"https:\/\/ctccollector.ca\/store\/wp-json\/wp\/v2\/product_brand?post=12731"},{"taxonomy":"product_cat","embeddable":true,"href":"https:\/\/ctccollector.ca\/store\/wp-json\/wp\/v2\/product_cat?post=12731"},{"taxonomy":"product_tag","embeddable":true,"href":"https:\/\/ctccollector.ca\/store\/wp-json\/wp\/v2\/product_tag?post=12731"}],"curies":[{"name":"wp","href":"https:\/\/api.w.org\/{rel}","templated":true}]}}