{"id":12739,"date":"2009-10-30T10:14:00","date_gmt":"2009-10-30T14:14:00","guid":{"rendered":"http:\/\/ctccollector.ca\/store\/?post_type=product&#038;p=12739"},"modified":"2022-12-19T12:49:28","modified_gmt":"2022-12-19T17:49:28","slug":"ty-f-coupon-unc","status":"publish","type":"product","link":"https:\/\/ctccollector.ca\/store\/shop\/ty-f-coupon-unc\/","title":{"rendered":"[:en]TYN-F coupon  &#8211;  UNC[:fr]TYN-F coupon  &#8211;  UNC[:]"},"content":{"rendered":"<p>[:en]This is the french $1.00 coupon that was given out in 1992 during the &#8220;Thank You&#8221; contest. Customers had to scratch a card to reveal three and <br \/>Only three squares to reveal a prize.<br \/>\nThese coupons were printed on glossy paper in full color on the front and in black and clear ink on the back. The clear ink was used to prevent counterfeiting of these coupons. They all have an &#8220;No&#8221; prefix with a six digit serial number.<br \/>\n&nbsp;Format : 5.5 x 2.625 inches [:fr]Il s&#8217;agit du coupon fran\u00e7ais de 1,00 $ qui a \u00e9t\u00e9 distribu\u00e9 en 1992 lors du concours \u00abMerci\u00bb. Les clients ont d\u00fb gratter uneCarte pour r\u00e9v\u00e9ler trois et trois carr\u00e9s pour r\u00e9v\u00e9ler un prix.<br \/>\nCes coupons ont \u00e9t\u00e9 imprim\u00e9s sur papier brillant en couleur sur le devant et en encre noire et claire sur le dos. L&#8217;encre claire a \u00e9t\u00e9 utilis\u00e9e pour emp\u00eacher la contrefa\u00e7on de ces coupons. Ils ont tous un pr\u00e9fixe &#8220;Non&#8221; avec un <br \/>Num\u00e9ro de s\u00e9rie \u00e0 six chiffres.<br \/>\n&nbsp;Format : 5.5 x 2.625 pouces [:]<\/p>\n","protected":false},"excerpt":{"rendered":"<p>[:en]This is the french $1.00 coupon that was given out in 1992 during the &#8220;Thank You&#8221; contest. Customers had to scratch a card to reveal three and Only three squares to reveal a prize. These coupons were printed on glossy paper in full color on the front and in black and clear ink on the &hellip; <a href=\"https:\/\/ctccollector.ca\/store\/shop\/ty-f-coupon-unc\/\" class=\"more-link\">Continue reading <span class=\"screen-reader-text\">[:en]TYN-F coupon  &#8211;  UNC[:fr]TYN-F coupon  &#8211;  UNC[:]<\/span> <span class=\"meta-nav\">&rarr;<\/span><\/a><\/p>\n","protected":false},"featured_media":12740,"template":"","meta":[],"product_brand":[885],"product_cat":[981],"product_tag":[],"class_list":{"0":"post-12739","1":"product","2":"type-product","3":"status-publish","4":"has-post-thumbnail","6":"product_brand-canadian-banknote","7":"product_cat-thanks-to-you-contest","10":"first","11":"instock","12":"shipping-taxable","13":"purchasable","14":"product-type-simple"},"_links":{"self":[{"href":"https:\/\/ctccollector.ca\/store\/wp-json\/wp\/v2\/product\/12739","targetHints":{"allow":["GET"]}}],"collection":[{"href":"https:\/\/ctccollector.ca\/store\/wp-json\/wp\/v2\/product"}],"about":[{"href":"https:\/\/ctccollector.ca\/store\/wp-json\/wp\/v2\/types\/product"}],"wp:featuredmedia":[{"embeddable":true,"href":"https:\/\/ctccollector.ca\/store\/wp-json\/wp\/v2\/media\/12740"}],"wp:attachment":[{"href":"https:\/\/ctccollector.ca\/store\/wp-json\/wp\/v2\/media?parent=12739"}],"wp:term":[{"taxonomy":"product_brand","embeddable":true,"href":"https:\/\/ctccollector.ca\/store\/wp-json\/wp\/v2\/product_brand?post=12739"},{"taxonomy":"product_cat","embeddable":true,"href":"https:\/\/ctccollector.ca\/store\/wp-json\/wp\/v2\/product_cat?post=12739"},{"taxonomy":"product_tag","embeddable":true,"href":"https:\/\/ctccollector.ca\/store\/wp-json\/wp\/v2\/product_tag?post=12739"}],"curies":[{"name":"wp","href":"https:\/\/api.w.org\/{rel}","templated":true}]}}