{"id":12741,"date":"2009-10-30T06:19:00","date_gmt":"2009-10-30T10:19:00","guid":{"rendered":"http:\/\/ctccollector.ca\/store\/?post_type=product&#038;p=12741"},"modified":"2022-12-19T12:49:28","modified_gmt":"2022-12-19T17:49:28","slug":"ty-e-coupon-unc","status":"publish","type":"product","link":"https:\/\/ctccollector.ca\/store\/shop\/ty-e-coupon-unc\/","title":{"rendered":"[:en]TYN-E coupon  &#8211;  UNC[:fr]TYN-E coupon  &#8211;  UNC[:]"},"content":{"rendered":"<p>[:en]This is the english $1.00 coupon that was given out in 1992 during the &#8220;Thank You&#8221; contest. Customers had to scratch a card to reveal three and <br \/>Only three squares to reveal a prize.<br \/>\nThese coupons were printed on glossy paper in full color on the front and in black and clear ink on the back. The clear ink was used to prevent counterfeiting of these coupons. They all have an &#8220;No&#8221; prefix with a six digit serial number.<br \/>\n&nbsp;Format : 5.5 x 2.625 inches [:fr]Voici le coupon anglais de $1.00 \u00e9mis comme prix pendant le concours &#8220;Un gros merci&#8221; de 1992.  Les clients devait gratter <br \/>Seulement 3 cases sur une carte de jeu afin de gagner le prix indiqu\u00e9.<br \/>\nCes coupons ont \u00e9t\u00e9s imprim\u00e9s sur du papier glac\u00e9 en couleur sur le devant et en noir et clair \u00e0 l&#8217;endos. L&#8217;encre clair \u00e9tait utiliser afin d&#8217;emp&amp;ecircchez la contrefa&amp;ccedilon.<br \/>\nIls ont un pr\u00e9fixe &#8220;No&#8221;avec six chiffres comme num\u00e9ro de s\u00e9rie.<br \/>\n&nbsp;Format : 5.5 x 2.625 pouces [:]<\/p>\n","protected":false},"excerpt":{"rendered":"<p>[:en]This is the english $1.00 coupon that was given out in 1992 during the &#8220;Thank You&#8221; contest. Customers had to scratch a card to reveal three and Only three squares to reveal a prize. These coupons were printed on glossy paper in full color on the front and in black and clear ink on the &hellip; <a href=\"https:\/\/ctccollector.ca\/store\/shop\/ty-e-coupon-unc\/\" class=\"more-link\">Continue reading <span class=\"screen-reader-text\">[:en]TYN-E coupon  &#8211;  UNC[:fr]TYN-E coupon  &#8211;  UNC[:]<\/span> <span class=\"meta-nav\">&rarr;<\/span><\/a><\/p>\n","protected":false},"featured_media":12742,"template":"","meta":[],"product_brand":[885],"product_cat":[981],"product_tag":[],"class_list":{"0":"post-12741","1":"product","2":"type-product","3":"status-publish","4":"has-post-thumbnail","6":"product_brand-canadian-banknote","7":"product_cat-thanks-to-you-contest","10":"first","11":"instock","12":"shipping-taxable","13":"purchasable","14":"product-type-simple"},"_links":{"self":[{"href":"https:\/\/ctccollector.ca\/store\/wp-json\/wp\/v2\/product\/12741","targetHints":{"allow":["GET"]}}],"collection":[{"href":"https:\/\/ctccollector.ca\/store\/wp-json\/wp\/v2\/product"}],"about":[{"href":"https:\/\/ctccollector.ca\/store\/wp-json\/wp\/v2\/types\/product"}],"wp:featuredmedia":[{"embeddable":true,"href":"https:\/\/ctccollector.ca\/store\/wp-json\/wp\/v2\/media\/12742"}],"wp:attachment":[{"href":"https:\/\/ctccollector.ca\/store\/wp-json\/wp\/v2\/media?parent=12741"}],"wp:term":[{"taxonomy":"product_brand","embeddable":true,"href":"https:\/\/ctccollector.ca\/store\/wp-json\/wp\/v2\/product_brand?post=12741"},{"taxonomy":"product_cat","embeddable":true,"href":"https:\/\/ctccollector.ca\/store\/wp-json\/wp\/v2\/product_cat?post=12741"},{"taxonomy":"product_tag","embeddable":true,"href":"https:\/\/ctccollector.ca\/store\/wp-json\/wp\/v2\/product_tag?post=12741"}],"curies":[{"name":"wp","href":"https:\/\/api.w.org\/{rel}","templated":true}]}}