{"id":12985,"date":"2010-01-19T17:50:00","date_gmt":"2010-01-19T22:50:00","guid":{"rendered":"http:\/\/ctccollector.ca\/store\/?post_type=product&#038;p=12985"},"modified":"2025-01-23T09:43:44","modified_gmt":"2025-01-23T14:43:44","slug":"ctc-s24-b-unc-well-centered","status":"publish","type":"product","link":"https:\/\/ctccollector.ca\/store\/shop\/ctc-s24-b-unc-well-centered\/","title":{"rendered":"[:en]CTC S24-B  &#8211;  UNC &#8211; WELL CENTERED[:fr]CTC S24-B  &#8211;  UNC &#8211; Bien centr\u00e9[:]"},"content":{"rendered":"<p>[:en]Serial #: \u00a0200nnnnnnn<\/p>\n<p>Grade: \u00a0UNC<\/p>\n<p>Denomination: \u00a0$0.05<\/p>\n<p>Superb well centered note,\u00a0serial number will vary from image.[:fr]# de s\u00e9rie: \u00a0200nnnnnnn<\/p>\n<p>Grade: \u00a0UNC<\/p>\n<p>D\u00e9nomination: \u00a0$0.05<\/p>\n<p>billet superbe, bien centr\u00e9, num\u00e9ro de s\u00e9rie peut varier.[:]<\/p>\n","protected":false},"excerpt":{"rendered":"<p>[:en]Serial #: \u00a0200nnnnnnn Grade: \u00a0UNC Denomination: \u00a0$0.05 Superb well centered note,\u00a0serial number will vary from image.[:fr]# de s\u00e9rie: \u00a0200nnnnnnn Grade: \u00a0UNC D\u00e9nomination: \u00a0$0.05 billet superbe, bien centr\u00e9, num\u00e9ro de s\u00e9rie peut varier.[:]<\/p>\n","protected":false},"featured_media":12986,"template":"","meta":[],"product_brand":[884],"product_cat":[424],"product_tag":[],"class_list":{"0":"post-12985","1":"product","2":"type-product","3":"status-publish","4":"has-post-thumbnail","6":"product_brand-british-american-banknote","7":"product_cat-ctc-s24-regular-notes-16","10":"first","11":"instock","12":"shipping-taxable","13":"purchasable","14":"product-type-simple"},"_links":{"self":[{"href":"https:\/\/ctccollector.ca\/store\/wp-json\/wp\/v2\/product\/12985","targetHints":{"allow":["GET"]}}],"collection":[{"href":"https:\/\/ctccollector.ca\/store\/wp-json\/wp\/v2\/product"}],"about":[{"href":"https:\/\/ctccollector.ca\/store\/wp-json\/wp\/v2\/types\/product"}],"wp:featuredmedia":[{"embeddable":true,"href":"https:\/\/ctccollector.ca\/store\/wp-json\/wp\/v2\/media\/12986"}],"wp:attachment":[{"href":"https:\/\/ctccollector.ca\/store\/wp-json\/wp\/v2\/media?parent=12985"}],"wp:term":[{"taxonomy":"product_brand","embeddable":true,"href":"https:\/\/ctccollector.ca\/store\/wp-json\/wp\/v2\/product_brand?post=12985"},{"taxonomy":"product_cat","embeddable":true,"href":"https:\/\/ctccollector.ca\/store\/wp-json\/wp\/v2\/product_cat?post=12985"},{"taxonomy":"product_tag","embeddable":true,"href":"https:\/\/ctccollector.ca\/store\/wp-json\/wp\/v2\/product_tag?post=12985"}],"curies":[{"name":"wp","href":"https:\/\/api.w.org\/{rel}","templated":true}]}}