{"id":13015,"date":"2010-03-11T07:56:00","date_gmt":"2010-03-11T07:56:00","guid":{"rendered":"http:\/\/ctccollector.ca\/store\/?post_type=product&#038;p=13015"},"modified":"2025-01-30T00:05:51","modified_gmt":"2025-01-30T05:05:51","slug":"ctc-1-00-tobogganing-coin-unc","status":"publish","type":"product","link":"https:\/\/ctccollector.ca\/store\/shop\/ctc-1-00-tobogganing-coin-unc\/","title":{"rendered":"[:en]CTC $1.00 Tobogganing Coin  &#8211;  UNC[:fr]CTC $1.00 Tobogganing Coin  &#8211;  UNC[:]"},"content":{"rendered":"<p>[:en]Canadian Tire&#8217;s Tobogganing circulating coin.<br \/>\n<br \/>Dated 2010 &#8211; released February 2010<br \/>\n[:fr]La pi\u00e8ce d&#8217;argent Canadian Tire pour la circulation &#8211; Toboggan.<br \/>\nDat\u00e9 2010 &#8211; \u00e9mis en f\u00e9vrier 2010[:]<\/p>\n","protected":false},"excerpt":{"rendered":"<p>[:en]Canadian Tire&#8217;s Tobogganing circulating coin. Dated 2010 &#8211; released February 2010 [:fr]La pi\u00e8ce d&#8217;argent Canadian Tire pour la circulation &#8211; Toboggan. Dat\u00e9 2010 &#8211; \u00e9mis en f\u00e9vrier 2010[:]<\/p>\n","protected":false},"featured_media":13016,"template":"","meta":[],"product_brand":[],"product_cat":[254],"product_tag":[],"class_list":{"0":"post-13015","1":"product","2":"type-product","3":"status-publish","4":"has-post-thumbnail","6":"product_cat-coins-medals","9":"first","10":"outofstock","11":"shipping-taxable","12":"purchasable","13":"product-type-simple"},"_links":{"self":[{"href":"https:\/\/ctccollector.ca\/store\/wp-json\/wp\/v2\/product\/13015","targetHints":{"allow":["GET"]}}],"collection":[{"href":"https:\/\/ctccollector.ca\/store\/wp-json\/wp\/v2\/product"}],"about":[{"href":"https:\/\/ctccollector.ca\/store\/wp-json\/wp\/v2\/types\/product"}],"wp:featuredmedia":[{"embeddable":true,"href":"https:\/\/ctccollector.ca\/store\/wp-json\/wp\/v2\/media\/13016"}],"wp:attachment":[{"href":"https:\/\/ctccollector.ca\/store\/wp-json\/wp\/v2\/media?parent=13015"}],"wp:term":[{"taxonomy":"product_brand","embeddable":true,"href":"https:\/\/ctccollector.ca\/store\/wp-json\/wp\/v2\/product_brand?post=13015"},{"taxonomy":"product_cat","embeddable":true,"href":"https:\/\/ctccollector.ca\/store\/wp-json\/wp\/v2\/product_cat?post=13015"},{"taxonomy":"product_tag","embeddable":true,"href":"https:\/\/ctccollector.ca\/store\/wp-json\/wp\/v2\/product_tag?post=13015"}],"curies":[{"name":"wp","href":"https:\/\/api.w.org\/{rel}","templated":true}]}}