{"id":13025,"date":"2010-05-08T10:53:00","date_gmt":"2010-05-08T14:53:00","guid":{"rendered":"http:\/\/ctccollector.ca\/store\/?post_type=product&#038;p=13025"},"modified":"2022-12-19T12:49:49","modified_gmt":"2022-12-19T17:49:49","slug":"ctc-3-c-x515092-vf-6-digit","status":"publish","type":"product","link":"https:\/\/ctccollector.ca\/store\/shop\/ctc-3-c-x515092-vf-6-digit\/","title":{"rendered":"[:en]CTC G03-C &#8211; X515092  &#8211;  VF &#8211; 6 DIGIT[:fr]CTC G03-C &#8211; X515092  &#8211;  VF &#8211; 6 chiffres[:]"},"content":{"rendered":"<p>[:en]Serial #: X515092<\/p>\n<p>Grade: VF<\/p>\n<p>Denomination: $0.03<\/p>\n<p>6 digit serial number, see scan for actual note.[:fr]S\u00e9rie #: X515092<\/p>\n<p>Grade: VF<\/p>\n<p>D\u00e9nomination: $0.03<\/p>\n<p>Num\u00e9ro de s\u00e9rie \u00e0 6 chiffres. Voir l&#8217;image[:]<\/p>\n","protected":false},"excerpt":{"rendered":"<p>[:en]Serial #: X515092 Grade: VF Denomination: $0.03 6 digit serial number, see scan for actual note.[:fr]S\u00e9rie #: X515092 Grade: VF D\u00e9nomination: $0.03 Num\u00e9ro de s\u00e9rie \u00e0 6 chiffres. Voir l&#8217;image[:]<\/p>\n","protected":false},"featured_media":13026,"template":"","meta":[],"product_brand":[884],"product_cat":[895],"product_tag":[],"class_list":{"0":"post-13025","1":"product","2":"type-product","3":"status-publish","4":"has-post-thumbnail","6":"product_brand-british-american-banknote","7":"product_cat-ctc-3c-x-3-notes","10":"first","11":"instock","12":"shipping-taxable","13":"purchasable","14":"product-type-simple"},"_links":{"self":[{"href":"https:\/\/ctccollector.ca\/store\/wp-json\/wp\/v2\/product\/13025","targetHints":{"allow":["GET"]}}],"collection":[{"href":"https:\/\/ctccollector.ca\/store\/wp-json\/wp\/v2\/product"}],"about":[{"href":"https:\/\/ctccollector.ca\/store\/wp-json\/wp\/v2\/types\/product"}],"wp:featuredmedia":[{"embeddable":true,"href":"https:\/\/ctccollector.ca\/store\/wp-json\/wp\/v2\/media\/13026"}],"wp:attachment":[{"href":"https:\/\/ctccollector.ca\/store\/wp-json\/wp\/v2\/media?parent=13025"}],"wp:term":[{"taxonomy":"product_brand","embeddable":true,"href":"https:\/\/ctccollector.ca\/store\/wp-json\/wp\/v2\/product_brand?post=13025"},{"taxonomy":"product_cat","embeddable":true,"href":"https:\/\/ctccollector.ca\/store\/wp-json\/wp\/v2\/product_cat?post=13025"},{"taxonomy":"product_tag","embeddable":true,"href":"https:\/\/ctccollector.ca\/store\/wp-json\/wp\/v2\/product_tag?post=13025"}],"curies":[{"name":"wp","href":"https:\/\/api.w.org\/{rel}","templated":true}]}}