{"id":13309,"date":"2011-09-07T10:47:00","date_gmt":"2011-09-07T14:47:00","guid":{"rendered":"http:\/\/ctccollector.ca\/store\/?post_type=product&#038;p=13309"},"modified":"2022-12-19T12:49:57","modified_gmt":"2022-12-19T17:49:57","slug":"ctc-6-b-b2363272-ef","status":"publish","type":"product","link":"https:\/\/ctccollector.ca\/store\/shop\/ctc-6-b-b2363272-ef\/","title":{"rendered":"CTC G06-B &#8211; B2363272 &#8211;  EF"},"content":{"rendered":"<p>[:en]Serial #: B2363272<\/p>\n<p>Grade: EF<\/p>\n<p>Denomination: $0.10<\/p>\n<p>Check out the image, this will be the actual note you are purchasing![:fr]Num\u00e9ro de s\u00e9rie: B2363272<\/p>\n<p>Grade: EF<\/p>\n<p>D\u00e9nomination: $0.10<\/p>\n<p>Voir l&#8217;image pour examiner le billet que vous ach\u00e8terez![:]<\/p>\n","protected":false},"excerpt":{"rendered":"<p>[:en]Serial #: B2363272 Grade: EF Denomination: $0.10 Check out the image, this will be the actual note you are purchasing![:fr]Num\u00e9ro de s\u00e9rie: B2363272 Grade: EF D\u00e9nomination: $0.10 Voir l&#8217;image pour examiner le billet que vous ach\u00e8terez![:]<\/p>\n","protected":false},"featured_media":13310,"template":"","meta":[],"product_brand":[884],"product_cat":[311],"product_tag":[],"class_list":{"0":"post-13309","1":"product","2":"type-product","3":"status-publish","4":"has-post-thumbnail","6":"product_brand-british-american-banknote","7":"product_cat-ctc-6-10-notes-3","10":"first","11":"instock","12":"shipping-taxable","13":"purchasable","14":"product-type-simple"},"_links":{"self":[{"href":"https:\/\/ctccollector.ca\/store\/wp-json\/wp\/v2\/product\/13309","targetHints":{"allow":["GET"]}}],"collection":[{"href":"https:\/\/ctccollector.ca\/store\/wp-json\/wp\/v2\/product"}],"about":[{"href":"https:\/\/ctccollector.ca\/store\/wp-json\/wp\/v2\/types\/product"}],"wp:featuredmedia":[{"embeddable":true,"href":"https:\/\/ctccollector.ca\/store\/wp-json\/wp\/v2\/media\/13310"}],"wp:attachment":[{"href":"https:\/\/ctccollector.ca\/store\/wp-json\/wp\/v2\/media?parent=13309"}],"wp:term":[{"taxonomy":"product_brand","embeddable":true,"href":"https:\/\/ctccollector.ca\/store\/wp-json\/wp\/v2\/product_brand?post=13309"},{"taxonomy":"product_cat","embeddable":true,"href":"https:\/\/ctccollector.ca\/store\/wp-json\/wp\/v2\/product_cat?post=13309"},{"taxonomy":"product_tag","embeddable":true,"href":"https:\/\/ctccollector.ca\/store\/wp-json\/wp\/v2\/product_tag?post=13309"}],"curies":[{"name":"wp","href":"https:\/\/api.w.org\/{rel}","templated":true}]}}