{"id":13347,"date":"2012-04-19T06:29:00","date_gmt":"2012-04-19T10:29:00","guid":{"rendered":"http:\/\/ctccollector.ca\/store\/?post_type=product&#038;p=13347"},"modified":"2023-12-30T19:40:57","modified_gmt":"2023-12-31T00:40:57","slug":"ctc-s20-b-f-s21-g-unc-complete-set-of-regular-notes","status":"publish","type":"product","link":"https:\/\/ctccollector.ca\/store\/shop\/ctc-s20-b-f-s21-g-unc-complete-set-of-regular-notes\/","title":{"rendered":"[:en]CTC S20-B-F &#038; S21-G  &#8211;  UNC &#8211; Complete Set of Regular Notes[:fr]CTC S20-B-F et S21-G  &#8211;  UNC &#8211; Ensemble complet de billets r\u00e9guliers[:]"},"content":{"rendered":"<p>[:en]Complete set of 7 UNC CTC S20 notes<\/p>\n<p>CTC S20-B 5\u00a2<\/p>\n<p>CTC S20-C 10\u00a2<\/p>\n<p>CTC S20-C1 10\u00a2<\/p>\n<p>CTC S20-D 25\u00a2<\/p>\n<p>CTC S20-E 50\u00a2<\/p>\n<p>CTC S20-F $1.00<\/p>\n<p>CTC S20-F1 $1.00<\/p>\n<p>CTC S21-G $2.00<\/p>\n<p>This set contains only the regular issue of notes, no varieties or replacements.<\/p>\n<p>Check out the image of the set, the serial numbers will vary from the image.[:fr]Ensemble complet de billets r\u00e9guliers en UNC.<\/p>\n<p>CTC S20-B 5\u00a2<\/p>\n<p>CTC S20-C 10\u00a2<\/p>\n<p>CTC S20-C1 10\u00a2<\/p>\n<p>CTC S20-D 25\u00a2<\/p>\n<p>CTC S20-E 50\u00a2<\/p>\n<p>CTC S20-F $1.00<\/p>\n<p>CTC S20-F1 $1.00<\/p>\n<p>CTC S21-G $2.00<\/p>\n<p>Cet ensemble ne contient que les billets r\u00e9gulier et non des vari\u00e9t\u00e9s ou des remplacements.<\/p>\n<p>Voir l&#8217;image pour examiner l\u2019ensemble, les num\u00e9ros de s\u00e9rie varieront de l&#8217;image.[:]<\/p>\n","protected":false},"excerpt":{"rendered":"<p>[:en]Complete set of 7 UNC CTC S20 notes CTC S20-B 5\u00a2 CTC S20-C 10\u00a2 CTC S20-C1 10\u00a2 CTC S20-D 25\u00a2 CTC S20-E 50\u00a2 CTC S20-F $1.00 CTC S20-F1 $1.00 CTC S21-G $2.00 This set contains only the regular issue of notes, no varieties or replacements. Check out the image of the set, the serial numbers &hellip; <a href=\"https:\/\/ctccollector.ca\/store\/shop\/ctc-s20-b-f-s21-g-unc-complete-set-of-regular-notes\/\" class=\"more-link\">Continue reading <span class=\"screen-reader-text\">[:en]CTC S20-B-F &#038; S21-G  &#8211;  UNC &#8211; Complete Set of Regular Notes[:fr]CTC S20-B-F et S21-G  &#8211;  UNC &#8211; Ensemble complet de billets r\u00e9guliers[:]<\/span> <span class=\"meta-nav\">&rarr;<\/span><\/a><\/p>\n","protected":false},"featured_media":21322,"template":"","meta":[],"product_brand":[885],"product_cat":[255],"product_tag":[],"class_list":{"0":"post-13347","1":"product","2":"type-product","3":"status-publish","4":"has-post-thumbnail","6":"product_brand-canadian-banknote","7":"product_cat-beginner-sets","10":"first","11":"instock","12":"shipping-taxable","13":"purchasable","14":"product-type-simple"},"_links":{"self":[{"href":"https:\/\/ctccollector.ca\/store\/wp-json\/wp\/v2\/product\/13347","targetHints":{"allow":["GET"]}}],"collection":[{"href":"https:\/\/ctccollector.ca\/store\/wp-json\/wp\/v2\/product"}],"about":[{"href":"https:\/\/ctccollector.ca\/store\/wp-json\/wp\/v2\/types\/product"}],"wp:featuredmedia":[{"embeddable":true,"href":"https:\/\/ctccollector.ca\/store\/wp-json\/wp\/v2\/media\/21322"}],"wp:attachment":[{"href":"https:\/\/ctccollector.ca\/store\/wp-json\/wp\/v2\/media?parent=13347"}],"wp:term":[{"taxonomy":"product_brand","embeddable":true,"href":"https:\/\/ctccollector.ca\/store\/wp-json\/wp\/v2\/product_brand?post=13347"},{"taxonomy":"product_cat","embeddable":true,"href":"https:\/\/ctccollector.ca\/store\/wp-json\/wp\/v2\/product_cat?post=13347"},{"taxonomy":"product_tag","embeddable":true,"href":"https:\/\/ctccollector.ca\/store\/wp-json\/wp\/v2\/product_tag?post=13347"}],"curies":[{"name":"wp","href":"https:\/\/api.w.org\/{rel}","templated":true}]}}