{"id":13353,"date":"2012-04-19T10:45:00","date_gmt":"2012-04-19T10:45:00","guid":{"rendered":"http:\/\/ctccollector.ca\/store\/?post_type=product&#038;p=13353"},"modified":"2022-12-19T12:50:03","modified_gmt":"2022-12-19T17:50:03","slug":"ctc-s27-ba-ea-unc-set-of-replacement-notes","status":"publish","type":"product","link":"https:\/\/ctccollector.ca\/store\/shop\/ctc-s27-ba-ea-unc-set-of-replacement-notes\/","title":{"rendered":"[:en]CTC S27-Ba-Ea  &#8211;  UNC &#8211; Set of Replacement Notes[:fr]CTC S27-Ba-Ea  &#8211;  UNC &#8211; Ensemble de remplacements[:]"},"content":{"rendered":"<p>[:en]<\/p>\n<p>Set of uncirculated CTC S27 replacement notes, including 3 x 5cent, 3 x 10cent, 1 x25cent &#038; 1 x 50cent notes.                                                 <\/p>\n<p>[:fr]Ensemble complet de 6 billets de la s\u00e9rie CTC S24, 25 et 26 en UNC incluant le 2 x 5cent, 2 x 10cent, 25cent et 50cent.  Il n&#8217;y as pas de vari\u00e9t\u00e9s ou remplacements.[:]                                                 <\/p>\n","protected":false},"excerpt":{"rendered":"<p>[:en] Set of uncirculated CTC S27 replacement notes, including 3 x 5cent, 3 x 10cent, 1 x25cent &#038; 1 x 50cent notes. [:fr]Ensemble complet de 6 billets de la s\u00e9rie CTC S24, 25 et 26 en UNC incluant le 2 x 5cent, 2 x 10cent, 25cent et 50cent. Il n&#8217;y as pas de vari\u00e9t\u00e9s ou &hellip; <a href=\"https:\/\/ctccollector.ca\/store\/shop\/ctc-s27-ba-ea-unc-set-of-replacement-notes\/\" class=\"more-link\">Continue reading <span class=\"screen-reader-text\">[:en]CTC S27-Ba-Ea  &#8211;  UNC &#8211; Set of Replacement Notes[:fr]CTC S27-Ba-Ea  &#8211;  UNC &#8211; Ensemble de remplacements[:]<\/span> <span class=\"meta-nav\">&rarr;<\/span><\/a><\/p>\n","protected":false},"featured_media":13354,"template":"","meta":[],"product_brand":[885],"product_cat":[255],"product_tag":[],"class_list":{"0":"post-13353","1":"product","2":"type-product","3":"status-publish","4":"has-post-thumbnail","6":"product_brand-canadian-banknote","7":"product_cat-beginner-sets","10":"first","11":"instock","12":"shipping-taxable","13":"purchasable","14":"product-type-simple"},"_links":{"self":[{"href":"https:\/\/ctccollector.ca\/store\/wp-json\/wp\/v2\/product\/13353","targetHints":{"allow":["GET"]}}],"collection":[{"href":"https:\/\/ctccollector.ca\/store\/wp-json\/wp\/v2\/product"}],"about":[{"href":"https:\/\/ctccollector.ca\/store\/wp-json\/wp\/v2\/types\/product"}],"wp:featuredmedia":[{"embeddable":true,"href":"https:\/\/ctccollector.ca\/store\/wp-json\/wp\/v2\/media\/13354"}],"wp:attachment":[{"href":"https:\/\/ctccollector.ca\/store\/wp-json\/wp\/v2\/media?parent=13353"}],"wp:term":[{"taxonomy":"product_brand","embeddable":true,"href":"https:\/\/ctccollector.ca\/store\/wp-json\/wp\/v2\/product_brand?post=13353"},{"taxonomy":"product_cat","embeddable":true,"href":"https:\/\/ctccollector.ca\/store\/wp-json\/wp\/v2\/product_cat?post=13353"},{"taxonomy":"product_tag","embeddable":true,"href":"https:\/\/ctccollector.ca\/store\/wp-json\/wp\/v2\/product_tag?post=13353"}],"curies":[{"name":"wp","href":"https:\/\/api.w.org\/{rel}","templated":true}]}}