{"id":13357,"date":"2012-04-19T07:06:00","date_gmt":"2012-04-19T11:06:00","guid":{"rendered":"http:\/\/ctccollector.ca\/store\/?post_type=product&#038;p=13357"},"modified":"2023-12-30T19:40:57","modified_gmt":"2023-12-31T00:40:57","slug":"ctc-s29-b-c-g-s30-b-unc-complete-set-of-regular-notes","status":"publish","type":"product","link":"https:\/\/ctccollector.ca\/store\/shop\/ctc-s29-b-c-g-s30-b-unc-complete-set-of-regular-notes\/","title":{"rendered":"[:en]CTC S29-B-C-G + S30-B  &#8211;  UNC &#8211; Complete Set of Regular Notes[:fr]CTC S29-B-C-G + S30-B  &#8211;  UNC &#8211; Ensemble complet de billets r\u00e9guliers[:]"},"content":{"rendered":"<p>[:en]Complete set of uncirculated CTC S29 and CTC S30 notes.<\/p>\n<p>CTC S29-B \u00a0 5\u00a2<br \/>\nCTC S29-C \u00a0 10\u00a2<br \/>\nCTC S29-G $2.00<br \/>\nCTC S30-B09-03 \u00a0 5\u00a2<br \/>\nCTC S30-B09-04 \u00a0 5\u00a2<br \/>\nCTC S30-B10-04 \u00a0 5\u00a2<\/p>\n<p>This set contains only the regular issue of notes, no varieties or replacements.<\/p>\n<p>Check out the image of the set, the serial numbers will vary from the image.[:fr]Ensemble complet de billets r\u00e9guliers en UNC.<\/p>\n<p>CTC S29-B \u00a0 5\u00a2<br \/>\nCTC S29-C \u00a0 10\u00a2<br \/>\nCTC S29-G $2.00<br \/>\nCTC S30-B09-03 \u00a0 5\u00a2<br \/>\nCTC S30-B09-04 \u00a0 5\u00a2<br \/>\nCTC S30-B10-04 \u00a0 5\u00a2<\/p>\n<p>Cet ensemble ne contient que les billets r\u00e9gulier et non des vari\u00e9t\u00e9s ou des remplacements.<\/p>\n<p>Voir l&#8217;image pour examiner l\u2019ensemble, les num\u00e9ros de s\u00e9rie varieront de l&#8217;image.[:]<\/p>\n","protected":false},"excerpt":{"rendered":"<p>[:en]Complete set of uncirculated CTC S29 and CTC S30 notes. CTC S29-B \u00a0 5\u00a2 CTC S29-C \u00a0 10\u00a2 CTC S29-G $2.00 CTC S30-B09-03 \u00a0 5\u00a2 CTC S30-B09-04 \u00a0 5\u00a2 CTC S30-B10-04 \u00a0 5\u00a2 This set contains only the regular issue of notes, no varieties or replacements. Check out the image of the set, the serial &hellip; <a href=\"https:\/\/ctccollector.ca\/store\/shop\/ctc-s29-b-c-g-s30-b-unc-complete-set-of-regular-notes\/\" class=\"more-link\">Continue reading <span class=\"screen-reader-text\">[:en]CTC S29-B-C-G + S30-B  &#8211;  UNC &#8211; Complete Set of Regular Notes[:fr]CTC S29-B-C-G + S30-B  &#8211;  UNC &#8211; Ensemble complet de billets r\u00e9guliers[:]<\/span> <span class=\"meta-nav\">&rarr;<\/span><\/a><\/p>\n","protected":false},"featured_media":21334,"template":"","meta":[],"product_brand":[885],"product_cat":[255],"product_tag":[],"class_list":{"0":"post-13357","1":"product","2":"type-product","3":"status-publish","4":"has-post-thumbnail","6":"product_brand-canadian-banknote","7":"product_cat-beginner-sets","10":"first","11":"instock","12":"shipping-taxable","13":"purchasable","14":"product-type-simple"},"_links":{"self":[{"href":"https:\/\/ctccollector.ca\/store\/wp-json\/wp\/v2\/product\/13357","targetHints":{"allow":["GET"]}}],"collection":[{"href":"https:\/\/ctccollector.ca\/store\/wp-json\/wp\/v2\/product"}],"about":[{"href":"https:\/\/ctccollector.ca\/store\/wp-json\/wp\/v2\/types\/product"}],"wp:featuredmedia":[{"embeddable":true,"href":"https:\/\/ctccollector.ca\/store\/wp-json\/wp\/v2\/media\/21334"}],"wp:attachment":[{"href":"https:\/\/ctccollector.ca\/store\/wp-json\/wp\/v2\/media?parent=13357"}],"wp:term":[{"taxonomy":"product_brand","embeddable":true,"href":"https:\/\/ctccollector.ca\/store\/wp-json\/wp\/v2\/product_brand?post=13357"},{"taxonomy":"product_cat","embeddable":true,"href":"https:\/\/ctccollector.ca\/store\/wp-json\/wp\/v2\/product_cat?post=13357"},{"taxonomy":"product_tag","embeddable":true,"href":"https:\/\/ctccollector.ca\/store\/wp-json\/wp\/v2\/product_tag?post=13357"}],"curies":[{"name":"wp","href":"https:\/\/api.w.org\/{rel}","templated":true}]}}