{"id":13359,"date":"2012-04-30T07:11:00","date_gmt":"2012-04-30T11:11:00","guid":{"rendered":"http:\/\/ctccollector.ca\/store\/?post_type=product&#038;p=13359"},"modified":"2022-12-19T12:50:04","modified_gmt":"2022-12-19T17:50:04","slug":"ctc-s28-e07-03-3033562999-ef-pale-sixes","status":"publish","type":"product","link":"https:\/\/ctccollector.ca\/store\/shop\/ctc-s28-e07-03-3033562999-ef-pale-sixes\/","title":{"rendered":"[:en]CTC S28-E07-03 -3033562999 &#8211; EF &#8211; Pale Sixes[:fr]CTC S28-E07-03 -3033562999 &#8211; EF &#8211; Six P\u00e2les[:]"},"content":{"rendered":"<p>[:en]Serial #: \u00a03033562nnn<\/p>\n<p>Grade: \u00a0EF<\/p>\n<p>Denomination: \u00a0$0.50<\/p>\n<p>The &#8220;6&#8221; in the serial number is very faint on both serial numbers.<\/p>\n<p>&nbsp;[:fr]S\u00e9rie#: \u00a03033562nnn<\/p>\n<p>Grade: \u00a0EF<\/p>\n<p>D\u00e9nomination: \u00a0$0.50<\/p>\n<p>Le &#8220;6&#8221; dans le num\u00e9ro de s\u00e9rie est p\u00e2le sur les 2 num\u00e9ros de s\u00e9rie.[:]<\/p>\n","protected":false},"excerpt":{"rendered":"<p>[:en]Serial #: \u00a03033562nnn Grade: \u00a0EF Denomination: \u00a0$0.50 The &#8220;6&#8221; in the serial number is very faint on both serial numbers. &nbsp;[:fr]S\u00e9rie#: \u00a03033562nnn Grade: \u00a0EF D\u00e9nomination: \u00a0$0.50 Le &#8220;6&#8221; dans le num\u00e9ro de s\u00e9rie est p\u00e2le sur les 2 num\u00e9ros de s\u00e9rie.[:]<\/p>\n","protected":false},"featured_media":13360,"template":"","meta":[],"product_brand":[885],"product_cat":[479,992],"product_tag":[],"class_list":{"0":"post-13359","1":"product","2":"type-product","3":"status-publish","4":"has-post-thumbnail","6":"product_brand-canadian-banknote","7":"product_cat-ctc-s28-50-varieties-errors","8":"product_cat-serial-number-varieties","11":"first","12":"instock","13":"shipping-taxable","14":"purchasable","15":"product-type-simple"},"_links":{"self":[{"href":"https:\/\/ctccollector.ca\/store\/wp-json\/wp\/v2\/product\/13359","targetHints":{"allow":["GET"]}}],"collection":[{"href":"https:\/\/ctccollector.ca\/store\/wp-json\/wp\/v2\/product"}],"about":[{"href":"https:\/\/ctccollector.ca\/store\/wp-json\/wp\/v2\/types\/product"}],"wp:featuredmedia":[{"embeddable":true,"href":"https:\/\/ctccollector.ca\/store\/wp-json\/wp\/v2\/media\/13360"}],"wp:attachment":[{"href":"https:\/\/ctccollector.ca\/store\/wp-json\/wp\/v2\/media?parent=13359"}],"wp:term":[{"taxonomy":"product_brand","embeddable":true,"href":"https:\/\/ctccollector.ca\/store\/wp-json\/wp\/v2\/product_brand?post=13359"},{"taxonomy":"product_cat","embeddable":true,"href":"https:\/\/ctccollector.ca\/store\/wp-json\/wp\/v2\/product_cat?post=13359"},{"taxonomy":"product_tag","embeddable":true,"href":"https:\/\/ctccollector.ca\/store\/wp-json\/wp\/v2\/product_tag?post=13359"}],"curies":[{"name":"wp","href":"https:\/\/api.w.org\/{rel}","templated":true}]}}