{"id":13423,"date":"2012-12-03T10:58:00","date_gmt":"2012-12-03T15:58:00","guid":{"rendered":"http:\/\/ctccollector.ca\/store\/?post_type=product&#038;p=13423"},"modified":"2023-11-02T23:07:58","modified_gmt":"2023-11-03T03:07:58","slug":"ctc-7-e-c2573226-fine-narrow-font-variety","status":"publish","type":"product","link":"https:\/\/ctccollector.ca\/store\/shop\/ctc-7-e-c2573226-fine-narrow-font-variety\/","title":{"rendered":"[:en]CTC G07-E &#8211; C2573226  &#8211;  FINE &#8211; Narrow font variety[:fr]CTC G07-E &#8211; C2573226  &#8211;  FINE &#8211; Style de caract\u00e8res \u00e9troits[:]"},"content":{"rendered":"<p>[:en]Serial #: C2573226<\/p>\n<p>Grade: FINE<\/p>\n<p>Denomination: $0.25<\/p>\n<p>Narrow font variety,<\/p>\n<p>Check out the image, this will be the actual note you are purchasing![:fr]S\u00e9rie #: C2573226<\/p>\n<p>Grade: FINE<\/p>\n<p>D\u00e9nomination: $0.25<\/p>\n<p>Caract\u00e8res \u00e9troits.<\/p>\n<p>Voir l&#8217;image pour examiner le billet que vous ach\u00e8terez![:]<\/p>\n","protected":false},"excerpt":{"rendered":"<p>[:en]Serial #: C2573226 Grade: FINE Denomination: $0.25 Narrow font variety, Check out the image, this will be the actual note you are purchasing![:fr]S\u00e9rie #: C2573226 Grade: FINE D\u00e9nomination: $0.25 Caract\u00e8res \u00e9troits. Voir l&#8217;image pour examiner le billet que vous ach\u00e8terez![:]<\/p>\n","protected":false},"featured_media":13424,"template":"","meta":[],"product_brand":[884],"product_cat":[591,992],"product_tag":[],"class_list":{"0":"post-13423","1":"product","2":"type-product","3":"status-publish","4":"has-post-thumbnail","6":"product_brand-british-american-banknote","7":"product_cat-ctc-7-e-plain-c-prefix","8":"product_cat-serial-number-varieties","11":"first","12":"outofstock","13":"shipping-taxable","14":"purchasable","15":"product-type-simple"},"_links":{"self":[{"href":"https:\/\/ctccollector.ca\/store\/wp-json\/wp\/v2\/product\/13423","targetHints":{"allow":["GET"]}}],"collection":[{"href":"https:\/\/ctccollector.ca\/store\/wp-json\/wp\/v2\/product"}],"about":[{"href":"https:\/\/ctccollector.ca\/store\/wp-json\/wp\/v2\/types\/product"}],"wp:featuredmedia":[{"embeddable":true,"href":"https:\/\/ctccollector.ca\/store\/wp-json\/wp\/v2\/media\/13424"}],"wp:attachment":[{"href":"https:\/\/ctccollector.ca\/store\/wp-json\/wp\/v2\/media?parent=13423"}],"wp:term":[{"taxonomy":"product_brand","embeddable":true,"href":"https:\/\/ctccollector.ca\/store\/wp-json\/wp\/v2\/product_brand?post=13423"},{"taxonomy":"product_cat","embeddable":true,"href":"https:\/\/ctccollector.ca\/store\/wp-json\/wp\/v2\/product_cat?post=13423"},{"taxonomy":"product_tag","embeddable":true,"href":"https:\/\/ctccollector.ca\/store\/wp-json\/wp\/v2\/product_tag?post=13423"}],"curies":[{"name":"wp","href":"https:\/\/api.w.org\/{rel}","templated":true}]}}