{"id":13491,"date":"2013-01-31T05:10:00","date_gmt":"2013-01-31T10:10:00","guid":{"rendered":"http:\/\/ctccollector.ca\/store\/?post_type=product&#038;p=13491"},"modified":"2025-04-22T11:13:59","modified_gmt":"2025-04-22T15:13:59","slug":"ctc-g06-a-a1075763-vg","status":"publish","type":"product","link":"https:\/\/ctccollector.ca\/store\/shop\/ctc-g06-a-a1075763-vg\/","title":{"rendered":"CTC G06-A &#8211; A1075763 &#8211;  VG"},"content":{"rendered":"<p>[:en]Serial #: A1075763<\/p>\n<p>Grade: VG<\/p>\n<p>Denomination: $0.05<\/p>\n<p>Check out the image, this will be the actual note you are purchasing![:fr]Num\u00e9ro de s\u00e9rie: A1075763<\/p>\n<p>Grade: VG<\/p>\n<p>D\u00e9nomination: $0.05<\/p>\n<p>Voir l&#8217;image pour examiner le billet que vous ach\u00e8terez![:]<\/p>\n","protected":false},"excerpt":{"rendered":"<p>[:en]Serial #: A1075763 Grade: VG Denomination: $0.05 Check out the image, this will be the actual note you are purchasing![:fr]Num\u00e9ro de s\u00e9rie: A1075763 Grade: VG D\u00e9nomination: $0.05 Voir l&#8217;image pour examiner le billet que vous ach\u00e8terez![:]<\/p>\n","protected":false},"featured_media":26393,"template":"","meta":[],"product_brand":[884],"product_cat":[310],"product_tag":[],"class_list":{"0":"post-13491","1":"product","2":"type-product","3":"status-publish","4":"has-post-thumbnail","6":"product_brand-british-american-banknote","7":"product_cat-ctc-6-5-notes-3","10":"first","11":"outofstock","12":"shipping-taxable","13":"purchasable","14":"product-type-simple"},"_links":{"self":[{"href":"https:\/\/ctccollector.ca\/store\/wp-json\/wp\/v2\/product\/13491","targetHints":{"allow":["GET"]}}],"collection":[{"href":"https:\/\/ctccollector.ca\/store\/wp-json\/wp\/v2\/product"}],"about":[{"href":"https:\/\/ctccollector.ca\/store\/wp-json\/wp\/v2\/types\/product"}],"wp:featuredmedia":[{"embeddable":true,"href":"https:\/\/ctccollector.ca\/store\/wp-json\/wp\/v2\/media\/26393"}],"wp:attachment":[{"href":"https:\/\/ctccollector.ca\/store\/wp-json\/wp\/v2\/media?parent=13491"}],"wp:term":[{"taxonomy":"product_brand","embeddable":true,"href":"https:\/\/ctccollector.ca\/store\/wp-json\/wp\/v2\/product_brand?post=13491"},{"taxonomy":"product_cat","embeddable":true,"href":"https:\/\/ctccollector.ca\/store\/wp-json\/wp\/v2\/product_cat?post=13491"},{"taxonomy":"product_tag","embeddable":true,"href":"https:\/\/ctccollector.ca\/store\/wp-json\/wp\/v2\/product_tag?post=13491"}],"curies":[{"name":"wp","href":"https:\/\/api.w.org\/{rel}","templated":true}]}}