{"id":13515,"date":"2013-02-01T03:37:00","date_gmt":"2013-02-01T08:37:00","guid":{"rendered":"http:\/\/ctccollector.ca\/store\/?post_type=product&#038;p=13515"},"modified":"2025-01-16T11:33:11","modified_gmt":"2025-01-16T16:33:11","slug":"ctc-6-e-c1422425-vg","status":"publish","type":"product","link":"https:\/\/ctccollector.ca\/store\/shop\/ctc-6-e-c1422425-vg\/","title":{"rendered":"CTC G06-E &#8211; C1422425 &#8211; VG"},"content":{"rendered":"<p>[:en]Serial #: C1422425<\/p>\n<p>Grade: VG<\/p>\n<p>Denomination: $0.25<\/p>\n<p>Check out the image, this will be the actual note you are purchasing![:fr]S\u00e9rie #: C1422425<\/p>\n<p>Grade: VG<\/p>\n<p>D\u00e9nomination: $0.25<\/p>\n<p>Voir l&#8217;image pour examiner le billet que vous ach\u00e8terez![:]<\/p>\n","protected":false},"excerpt":{"rendered":"<p>[:en]Serial #: C1422425 Grade: VG Denomination: $0.25 Check out the image, this will be the actual note you are purchasing![:fr]S\u00e9rie #: C1422425 Grade: VG D\u00e9nomination: $0.25 Voir l&#8217;image pour examiner le billet que vous ach\u00e8terez![:]<\/p>\n","protected":false},"featured_media":13516,"template":"","meta":[],"product_brand":[884],"product_cat":[314],"product_tag":[],"class_list":{"0":"post-13515","1":"product","2":"type-product","3":"status-publish","4":"has-post-thumbnail","6":"product_brand-british-american-banknote","7":"product_cat-ctc-6-25-notes-3","10":"first","11":"outofstock","12":"shipping-taxable","13":"purchasable","14":"product-type-simple"},"_links":{"self":[{"href":"https:\/\/ctccollector.ca\/store\/wp-json\/wp\/v2\/product\/13515","targetHints":{"allow":["GET"]}}],"collection":[{"href":"https:\/\/ctccollector.ca\/store\/wp-json\/wp\/v2\/product"}],"about":[{"href":"https:\/\/ctccollector.ca\/store\/wp-json\/wp\/v2\/types\/product"}],"wp:featuredmedia":[{"embeddable":true,"href":"https:\/\/ctccollector.ca\/store\/wp-json\/wp\/v2\/media\/13516"}],"wp:attachment":[{"href":"https:\/\/ctccollector.ca\/store\/wp-json\/wp\/v2\/media?parent=13515"}],"wp:term":[{"taxonomy":"product_brand","embeddable":true,"href":"https:\/\/ctccollector.ca\/store\/wp-json\/wp\/v2\/product_brand?post=13515"},{"taxonomy":"product_cat","embeddable":true,"href":"https:\/\/ctccollector.ca\/store\/wp-json\/wp\/v2\/product_cat?post=13515"},{"taxonomy":"product_tag","embeddable":true,"href":"https:\/\/ctccollector.ca\/store\/wp-json\/wp\/v2\/product_tag?post=13515"}],"curies":[{"name":"wp","href":"https:\/\/api.w.org\/{rel}","templated":true}]}}