{"id":13597,"date":"2013-02-14T10:00:00","date_gmt":"2013-02-14T15:00:00","guid":{"rendered":"http:\/\/ctccollector.ca\/store\/?post_type=product&#038;p=13597"},"modified":"2023-11-02T23:07:58","modified_gmt":"2023-11-03T03:07:58","slug":"ctc-7-b1-t1618531-ef-large-serifs","status":"publish","type":"product","link":"https:\/\/ctccollector.ca\/store\/shop\/ctc-7-b1-t1618531-ef-large-serifs\/","title":{"rendered":"[:en]CTC G07-B1 &#8211; T1618531  &#8211;  EF &#8211; LARGE SERIFS[:fr]CTC G07-B1 &#8211; T1618531  &#8211;  EF &#8211; Grand s\u00e9rif[:]"},"content":{"rendered":"<p>[:en]Serial #: T1618531<\/p>\n<p>Grade: EF<\/p>\n<p>Denomination: $0.10<\/p>\n<p>Check out the image, this will be the actual note you are purchasing![:fr]S\u00e9rie #: T1618531<\/p>\n<p>Grade: EF<\/p>\n<p>D\u00e9nomination: $0.10<\/p>\n<p>Voir l&#8217;image pour examiner le billet que vous ach\u00e8terez![:]<\/p>\n","protected":false},"excerpt":{"rendered":"<p>[:en]Serial #: T1618531 Grade: EF Denomination: $0.10 Check out the image, this will be the actual note you are purchasing![:fr]S\u00e9rie #: T1618531 Grade: EF D\u00e9nomination: $0.10 Voir l&#8217;image pour examiner le billet que vous ach\u00e8terez![:]<\/p>\n","protected":false},"featured_media":13598,"template":"","meta":[],"product_brand":[884],"product_cat":[589],"product_tag":[],"class_list":{"0":"post-13597","1":"product","2":"type-product","3":"status-publish","4":"has-post-thumbnail","6":"product_brand-british-american-banknote","7":"product_cat-ctc-7-b1-large-serif-t-prefix","10":"first","11":"outofstock","12":"shipping-taxable","13":"purchasable","14":"product-type-simple"},"_links":{"self":[{"href":"https:\/\/ctccollector.ca\/store\/wp-json\/wp\/v2\/product\/13597","targetHints":{"allow":["GET"]}}],"collection":[{"href":"https:\/\/ctccollector.ca\/store\/wp-json\/wp\/v2\/product"}],"about":[{"href":"https:\/\/ctccollector.ca\/store\/wp-json\/wp\/v2\/types\/product"}],"wp:featuredmedia":[{"embeddable":true,"href":"https:\/\/ctccollector.ca\/store\/wp-json\/wp\/v2\/media\/13598"}],"wp:attachment":[{"href":"https:\/\/ctccollector.ca\/store\/wp-json\/wp\/v2\/media?parent=13597"}],"wp:term":[{"taxonomy":"product_brand","embeddable":true,"href":"https:\/\/ctccollector.ca\/store\/wp-json\/wp\/v2\/product_brand?post=13597"},{"taxonomy":"product_cat","embeddable":true,"href":"https:\/\/ctccollector.ca\/store\/wp-json\/wp\/v2\/product_cat?post=13597"},{"taxonomy":"product_tag","embeddable":true,"href":"https:\/\/ctccollector.ca\/store\/wp-json\/wp\/v2\/product_tag?post=13597"}],"curies":[{"name":"wp","href":"https:\/\/api.w.org\/{rel}","templated":true}]}}