{"id":13745,"date":"2013-02-27T07:17:00","date_gmt":"2013-02-27T12:17:00","guid":{"rendered":"http:\/\/ctccollector.ca\/store\/?post_type=product&#038;p=13745"},"modified":"2022-12-19T12:50:26","modified_gmt":"2022-12-19T17:50:26","slug":"ctc-7-d-f2162064-au","status":"publish","type":"product","link":"https:\/\/ctccollector.ca\/store\/shop\/ctc-7-d-f2162064-au\/","title":{"rendered":"CTC G07-D-F1 &#8211; F2162064  &#8211;  AU"},"content":{"rendered":"<p>[:en]Serial #: F2162064<\/p>\n<p>Grade: AU<\/p>\n<p>Denomination: $0.20<\/p>\n<p>Check out the image, this will be the actual note you are purchasing![:fr]S\u00e9rie #: F2162064<\/p>\n<p>Grade: AU<\/p>\n<p>D\u00e9nomination: $0.20<\/p>\n<p>Voir l&#8217;image pour examiner le billet que vous ach\u00e8terez![:]<\/p>\n","protected":false},"excerpt":{"rendered":"<p>[:en]Serial #: F2162064 Grade: AU Denomination: $0.20 Check out the image, this will be the actual note you are purchasing![:fr]S\u00e9rie #: F2162064 Grade: AU D\u00e9nomination: $0.20 Voir l&#8217;image pour examiner le billet que vous ach\u00e8terez![:]<\/p>\n","protected":false},"featured_media":13746,"template":"","meta":[],"product_brand":[884],"product_cat":[324],"product_tag":[],"class_list":{"0":"post-13745","1":"product","2":"type-product","3":"status-publish","4":"has-post-thumbnail","6":"product_brand-british-american-banknote","7":"product_cat-ctc-7-20-notes-2","10":"first","11":"instock","12":"shipping-taxable","13":"purchasable","14":"product-type-simple"},"_links":{"self":[{"href":"https:\/\/ctccollector.ca\/store\/wp-json\/wp\/v2\/product\/13745","targetHints":{"allow":["GET"]}}],"collection":[{"href":"https:\/\/ctccollector.ca\/store\/wp-json\/wp\/v2\/product"}],"about":[{"href":"https:\/\/ctccollector.ca\/store\/wp-json\/wp\/v2\/types\/product"}],"wp:featuredmedia":[{"embeddable":true,"href":"https:\/\/ctccollector.ca\/store\/wp-json\/wp\/v2\/media\/13746"}],"wp:attachment":[{"href":"https:\/\/ctccollector.ca\/store\/wp-json\/wp\/v2\/media?parent=13745"}],"wp:term":[{"taxonomy":"product_brand","embeddable":true,"href":"https:\/\/ctccollector.ca\/store\/wp-json\/wp\/v2\/product_brand?post=13745"},{"taxonomy":"product_cat","embeddable":true,"href":"https:\/\/ctccollector.ca\/store\/wp-json\/wp\/v2\/product_cat?post=13745"},{"taxonomy":"product_tag","embeddable":true,"href":"https:\/\/ctccollector.ca\/store\/wp-json\/wp\/v2\/product_tag?post=13745"}],"curies":[{"name":"wp","href":"https:\/\/api.w.org\/{rel}","templated":true}]}}