{"id":13991,"date":"2013-06-27T07:22:00","date_gmt":"2013-06-27T11:22:00","guid":{"rendered":"http:\/\/ctccollector.ca\/store\/?post_type=product&#038;p=13991"},"modified":"2024-09-21T21:37:38","modified_gmt":"2024-09-22T01:37:38","slug":"ctc-7-j-u0226162-fine","status":"publish","type":"product","link":"https:\/\/ctccollector.ca\/store\/shop\/ctc-7-j-u0226162-fine\/","title":{"rendered":"CTC G07-J &#8211; U0226162  &#8211;  FINE"},"content":{"rendered":"<p>[:en]Serial #: U0226162<\/p>\n<p>Grade: FINE<\/p>\n<p>Denomination: $0.50<\/p>\n<p>Check out the image, this will be the actual note you are purchasing![:fr]S\u00e9rie #: U0226162<\/p>\n<p>Grade: FINE<\/p>\n<p>D\u00e9nomination: $0.50<\/p>\n<p>Voir l&#8217;image pour examiner le billet que vous ach\u00e8terez![:]<\/p>\n","protected":false},"excerpt":{"rendered":"<p>[:en]Serial #: U0226162 Grade: FINE Denomination: $0.50 Check out the image, this will be the actual note you are purchasing![:fr]S\u00e9rie #: U0226162 Grade: FINE D\u00e9nomination: $0.50 Voir l&#8217;image pour examiner le billet que vous ach\u00e8terez![:]<\/p>\n","protected":false},"featured_media":13992,"template":"","meta":[],"product_brand":[884],"product_cat":[596],"product_tag":[],"class_list":{"0":"post-13991","1":"product","2":"type-product","3":"status-publish","4":"has-post-thumbnail","6":"product_brand-british-american-banknote","7":"product_cat-ctc-7-j-serif-u-prefix-2","10":"first","11":"outofstock","12":"shipping-taxable","13":"purchasable","14":"product-type-simple"},"_links":{"self":[{"href":"https:\/\/ctccollector.ca\/store\/wp-json\/wp\/v2\/product\/13991","targetHints":{"allow":["GET"]}}],"collection":[{"href":"https:\/\/ctccollector.ca\/store\/wp-json\/wp\/v2\/product"}],"about":[{"href":"https:\/\/ctccollector.ca\/store\/wp-json\/wp\/v2\/types\/product"}],"wp:featuredmedia":[{"embeddable":true,"href":"https:\/\/ctccollector.ca\/store\/wp-json\/wp\/v2\/media\/13992"}],"wp:attachment":[{"href":"https:\/\/ctccollector.ca\/store\/wp-json\/wp\/v2\/media?parent=13991"}],"wp:term":[{"taxonomy":"product_brand","embeddable":true,"href":"https:\/\/ctccollector.ca\/store\/wp-json\/wp\/v2\/product_brand?post=13991"},{"taxonomy":"product_cat","embeddable":true,"href":"https:\/\/ctccollector.ca\/store\/wp-json\/wp\/v2\/product_cat?post=13991"},{"taxonomy":"product_tag","embeddable":true,"href":"https:\/\/ctccollector.ca\/store\/wp-json\/wp\/v2\/product_tag?post=13991"}],"curies":[{"name":"wp","href":"https:\/\/api.w.org\/{rel}","templated":true}]}}