{"id":14077,"date":"2013-08-26T13:49:00","date_gmt":"2013-08-26T17:49:00","guid":{"rendered":"http:\/\/ctccollector.ca\/store\/?post_type=product&#038;p=14077"},"modified":"2025-02-22T03:39:38","modified_gmt":"2025-02-22T08:39:38","slug":"ctc-8-b-t5835560-au-plain-t","status":"publish","type":"product","link":"https:\/\/ctccollector.ca\/store\/shop\/ctc-8-b-t5835560-au-plain-t\/","title":{"rendered":"[:en]CTC G08-B &#8211; T5835560 &#8211; AU &#8211; PLAIN T[:fr]CTC G08-B &#8211; T5835560 &#8211; AU &#8211; T ORDINAIRE[:]"},"content":{"rendered":"<p>[:en]Serial #: T5835560<\/p>\n<p>Grade: AU<\/p>\n<p>Denomination: $0.10<\/p>\n<p>Check out the image, this will be the actual note you are purchasing![:fr]S\u00e9rie #: T5835560<\/p>\n<p>Grade: AU<\/p>\n<p>D\u00e9nomination: $0.10<\/p>\n<p>Voir l&#8217;image pour examiner le billet que vous ach\u00e8terez![:]<\/p>\n","protected":false},"excerpt":{"rendered":"<p>[:en]Serial #: T5835560 Grade: AU Denomination: $0.10 Check out the image, this will be the actual note you are purchasing![:fr]S\u00e9rie #: T5835560 Grade: AU D\u00e9nomination: $0.10 Voir l&#8217;image pour examiner le billet que vous ach\u00e8terez![:]<\/p>\n","protected":false},"featured_media":14078,"template":"","meta":[],"product_brand":[884],"product_cat":[601],"product_tag":[],"class_list":{"0":"post-14077","1":"product","2":"type-product","3":"status-publish","4":"has-post-thumbnail","6":"product_brand-british-american-banknote","7":"product_cat-ctc-8-b-t1-plain-t","10":"first","11":"outofstock","12":"shipping-taxable","13":"purchasable","14":"product-type-simple"},"_links":{"self":[{"href":"https:\/\/ctccollector.ca\/store\/wp-json\/wp\/v2\/product\/14077","targetHints":{"allow":["GET"]}}],"collection":[{"href":"https:\/\/ctccollector.ca\/store\/wp-json\/wp\/v2\/product"}],"about":[{"href":"https:\/\/ctccollector.ca\/store\/wp-json\/wp\/v2\/types\/product"}],"wp:featuredmedia":[{"embeddable":true,"href":"https:\/\/ctccollector.ca\/store\/wp-json\/wp\/v2\/media\/14078"}],"wp:attachment":[{"href":"https:\/\/ctccollector.ca\/store\/wp-json\/wp\/v2\/media?parent=14077"}],"wp:term":[{"taxonomy":"product_brand","embeddable":true,"href":"https:\/\/ctccollector.ca\/store\/wp-json\/wp\/v2\/product_brand?post=14077"},{"taxonomy":"product_cat","embeddable":true,"href":"https:\/\/ctccollector.ca\/store\/wp-json\/wp\/v2\/product_cat?post=14077"},{"taxonomy":"product_tag","embeddable":true,"href":"https:\/\/ctccollector.ca\/store\/wp-json\/wp\/v2\/product_tag?post=14077"}],"curies":[{"name":"wp","href":"https:\/\/api.w.org\/{rel}","templated":true}]}}