{"id":14095,"date":"2013-08-27T08:02:00","date_gmt":"2013-08-27T12:02:00","guid":{"rendered":"http:\/\/ctccollector.ca\/store\/?post_type=product&#038;p=14095"},"modified":"2025-02-22T03:39:38","modified_gmt":"2025-02-22T08:39:38","slug":"ctc-8-b1-t6707960-vf-large-serifs","status":"publish","type":"product","link":"https:\/\/ctccollector.ca\/store\/shop\/ctc-8-b1-t6707960-vf-large-serifs\/","title":{"rendered":"[:en]CTC G08-B1 &#8211; T6707960 &#8211; VF &#8211; LARGE SERIFS[:fr]CTC G08-B1 &#8211; T6707960 &#8211; VF &#8211; Gros s\u00e9rifs[:]"},"content":{"rendered":"<p>[:en]Serial #: T6707960<\/p>\n<p>Grade: VF<\/p>\n<p>Denomination: $0.10<\/p>\n<p>Check out the image, this will be the actual note you are purchasing![:fr]S\u00e9rie #: T6707960<\/p>\n<p>Grade: VF<\/p>\n<p>D\u00e9nomination: $0.10<\/p>\n<p>Voir l&#8217;image pour examiner le billet que vous ach\u00e8terez![:]<\/p>\n","protected":false},"excerpt":{"rendered":"<p>[:en]Serial #: T6707960 Grade: VF Denomination: $0.10 Check out the image, this will be the actual note you are purchasing![:fr]S\u00e9rie #: T6707960 Grade: VF D\u00e9nomination: $0.10 Voir l&#8217;image pour examiner le billet que vous ach\u00e8terez![:]<\/p>\n","protected":false},"featured_media":14096,"template":"","meta":[],"product_brand":[884],"product_cat":[602],"product_tag":[],"class_list":{"0":"post-14095","1":"product","2":"type-product","3":"status-publish","4":"has-post-thumbnail","6":"product_brand-british-american-banknote","7":"product_cat-ctc-8-b-t2-large-serifs-2","10":"first","11":"outofstock","12":"shipping-taxable","13":"purchasable","14":"product-type-simple"},"_links":{"self":[{"href":"https:\/\/ctccollector.ca\/store\/wp-json\/wp\/v2\/product\/14095","targetHints":{"allow":["GET"]}}],"collection":[{"href":"https:\/\/ctccollector.ca\/store\/wp-json\/wp\/v2\/product"}],"about":[{"href":"https:\/\/ctccollector.ca\/store\/wp-json\/wp\/v2\/types\/product"}],"wp:featuredmedia":[{"embeddable":true,"href":"https:\/\/ctccollector.ca\/store\/wp-json\/wp\/v2\/media\/14096"}],"wp:attachment":[{"href":"https:\/\/ctccollector.ca\/store\/wp-json\/wp\/v2\/media?parent=14095"}],"wp:term":[{"taxonomy":"product_brand","embeddable":true,"href":"https:\/\/ctccollector.ca\/store\/wp-json\/wp\/v2\/product_brand?post=14095"},{"taxonomy":"product_cat","embeddable":true,"href":"https:\/\/ctccollector.ca\/store\/wp-json\/wp\/v2\/product_cat?post=14095"},{"taxonomy":"product_tag","embeddable":true,"href":"https:\/\/ctccollector.ca\/store\/wp-json\/wp\/v2\/product_tag?post=14095"}],"curies":[{"name":"wp","href":"https:\/\/api.w.org\/{rel}","templated":true}]}}