{"id":14119,"date":"2013-08-27T12:32:00","date_gmt":"2013-08-27T16:32:00","guid":{"rendered":"http:\/\/ctccollector.ca\/store\/?post_type=product&#038;p=14119"},"modified":"2022-12-19T12:50:50","modified_gmt":"2022-12-19T17:50:50","slug":"ctc-8-c1-v4763748-fine-serifs","status":"publish","type":"product","link":"https:\/\/ctccollector.ca\/store\/shop\/ctc-8-c1-v4763748-fine-serifs\/","title":{"rendered":"[:en]CTC G08-C1 &#8211; V4763748 &#8211; FINE &#8211; SERIFS[:fr]CTC G08-C1 &#8211; V4763748 &#8211; FINE &#8211; S\u00c9RIFS[:]"},"content":{"rendered":"<p>[:en]Serial #: V4763748<\/p>\n<p>Grade: FINE<\/p>\n<p>Denomination: $0.25<\/p>\n<p>Check out the image, this will be the actual note you are purchasing![:fr]S\u00e9rie #: V4763748<\/p>\n<p>Grade: FINE<\/p>\n<p>D\u00e9nomination: $0.25<\/p>\n<p>Voir l&#8217;image pour examiner le billet que vous ach\u00e8terez![:]<\/p>\n","protected":false},"excerpt":{"rendered":"<p>[:en]Serial #: V4763748 Grade: FINE Denomination: $0.25 Check out the image, this will be the actual note you are purchasing![:fr]S\u00e9rie #: V4763748 Grade: FINE D\u00e9nomination: $0.25 Voir l&#8217;image pour examiner le billet que vous ach\u00e8terez![:]<\/p>\n","protected":false},"featured_media":14120,"template":"","meta":[],"product_brand":[884],"product_cat":[605],"product_tag":[],"class_list":{"0":"post-14119","1":"product","2":"type-product","3":"status-publish","4":"has-post-thumbnail","6":"product_brand-british-american-banknote","7":"product_cat-ctc-8-c-v2-v-with-serifs","10":"first","11":"instock","12":"shipping-taxable","13":"purchasable","14":"product-type-simple"},"_links":{"self":[{"href":"https:\/\/ctccollector.ca\/store\/wp-json\/wp\/v2\/product\/14119","targetHints":{"allow":["GET"]}}],"collection":[{"href":"https:\/\/ctccollector.ca\/store\/wp-json\/wp\/v2\/product"}],"about":[{"href":"https:\/\/ctccollector.ca\/store\/wp-json\/wp\/v2\/types\/product"}],"wp:featuredmedia":[{"embeddable":true,"href":"https:\/\/ctccollector.ca\/store\/wp-json\/wp\/v2\/media\/14120"}],"wp:attachment":[{"href":"https:\/\/ctccollector.ca\/store\/wp-json\/wp\/v2\/media?parent=14119"}],"wp:term":[{"taxonomy":"product_brand","embeddable":true,"href":"https:\/\/ctccollector.ca\/store\/wp-json\/wp\/v2\/product_brand?post=14119"},{"taxonomy":"product_cat","embeddable":true,"href":"https:\/\/ctccollector.ca\/store\/wp-json\/wp\/v2\/product_cat?post=14119"},{"taxonomy":"product_tag","embeddable":true,"href":"https:\/\/ctccollector.ca\/store\/wp-json\/wp\/v2\/product_tag?post=14119"}],"curies":[{"name":"wp","href":"https:\/\/api.w.org\/{rel}","templated":true}]}}