{"id":14141,"date":"2013-08-28T09:53:00","date_gmt":"2013-08-28T13:53:00","guid":{"rendered":"http:\/\/ctccollector.ca\/store\/?post_type=product&#038;p=14141"},"modified":"2022-12-19T12:50:51","modified_gmt":"2022-12-19T17:50:51","slug":"ctc-8-d-u2-u4502332-ef-serifs","status":"publish","type":"product","link":"https:\/\/ctccollector.ca\/store\/shop\/ctc-8-d-u2-u4502332-ef-serifs\/","title":{"rendered":"[:en]CTC G08-D-U2 &#8211; U4502332 &#8211; EF &#8211; SERIFS[:fr]CTC G08-D-U2 &#8211; U4502332 &#8211; EF &#8211; S\u00c9RIFS[:]"},"content":{"rendered":"<p>[:en]Serial #: U4502332<\/p>\n<p>Grade: EF<\/p>\n<p>Denomination: $0.50<\/p>\n<p>Check out the image, this will be the actual note you are purchasing![:fr]S\u00e9rie #: U4502332<\/p>\n<p>Grade: EF<\/p>\n<p>D\u00e9nomination: $0.50<\/p>\n<p>Voir l&#8217;image pour examiner le billet que vous ach\u00e8terez![:]<\/p>\n","protected":false},"excerpt":{"rendered":"<p>[:en]Serial #: U4502332 Grade: EF Denomination: $0.50 Check out the image, this will be the actual note you are purchasing![:fr]S\u00e9rie #: U4502332 Grade: EF D\u00e9nomination: $0.50 Voir l&#8217;image pour examiner le billet que vous ach\u00e8terez![:]<\/p>\n","protected":false},"featured_media":14142,"template":"","meta":[],"product_brand":[884],"product_cat":[607],"product_tag":[],"class_list":{"0":"post-14141","1":"product","2":"type-product","3":"status-publish","4":"has-post-thumbnail","6":"product_brand-british-american-banknote","7":"product_cat-ctc-8-d-u2-u-with-serifs","10":"first","11":"instock","12":"shipping-taxable","13":"purchasable","14":"product-type-simple"},"_links":{"self":[{"href":"https:\/\/ctccollector.ca\/store\/wp-json\/wp\/v2\/product\/14141","targetHints":{"allow":["GET"]}}],"collection":[{"href":"https:\/\/ctccollector.ca\/store\/wp-json\/wp\/v2\/product"}],"about":[{"href":"https:\/\/ctccollector.ca\/store\/wp-json\/wp\/v2\/types\/product"}],"wp:featuredmedia":[{"embeddable":true,"href":"https:\/\/ctccollector.ca\/store\/wp-json\/wp\/v2\/media\/14142"}],"wp:attachment":[{"href":"https:\/\/ctccollector.ca\/store\/wp-json\/wp\/v2\/media?parent=14141"}],"wp:term":[{"taxonomy":"product_brand","embeddable":true,"href":"https:\/\/ctccollector.ca\/store\/wp-json\/wp\/v2\/product_brand?post=14141"},{"taxonomy":"product_cat","embeddable":true,"href":"https:\/\/ctccollector.ca\/store\/wp-json\/wp\/v2\/product_cat?post=14141"},{"taxonomy":"product_tag","embeddable":true,"href":"https:\/\/ctccollector.ca\/store\/wp-json\/wp\/v2\/product_tag?post=14141"}],"curies":[{"name":"wp","href":"https:\/\/api.w.org\/{rel}","templated":true}]}}