{"id":14173,"date":"2013-09-06T11:09:00","date_gmt":"2013-09-06T15:09:00","guid":{"rendered":"http:\/\/ctccollector.ca\/store\/?post_type=product&#038;p=14173"},"modified":"2023-11-03T00:17:53","modified_gmt":"2023-11-03T04:17:53","slug":"ctc-g09-a-s2a-s8326157-unc-small-serifs","status":"publish","type":"product","link":"https:\/\/ctccollector.ca\/store\/shop\/ctc-g09-a-s2a-s8326157-unc-small-serifs\/","title":{"rendered":"[:en]CTC G09-A-S2a &#8211; S8326157 &#8211; UNC &#8211; Small serifs[:fr]CTC G09-A-S2a &#8211; S8326157 &#8211; UNC &#8211; Petit s\u00e9rif[:]"},"content":{"rendered":"<p>[:en]Serial #: S8326157<\/p>\n<p>Grade: UNC<\/p>\n<p>Denomination: $0.05<\/p>\n<p>Check out the image, this will be the actual note you are purchasing![:fr]S\u00e9rie #: S8326157<\/p>\n<p>Grade: UNC<\/p>\n<p>D\u00e9nomination: $0.05<\/p>\n<p>Voir l&#8217;image pour examiner le billet que vous ach\u00e8terez![:]<\/p>\n","protected":false},"excerpt":{"rendered":"<p>[:en]Serial #: S8326157 Grade: UNC Denomination: $0.05 Check out the image, this will be the actual note you are purchasing![:fr]S\u00e9rie #: S8326157 Grade: UNC D\u00e9nomination: $0.05 Voir l&#8217;image pour examiner le billet que vous ach\u00e8terez![:]<\/p>\n","protected":false},"featured_media":14174,"template":"","meta":[],"product_brand":[884],"product_cat":[611],"product_tag":[],"class_list":{"0":"post-14173","1":"product","2":"type-product","3":"status-publish","4":"has-post-thumbnail","6":"product_brand-british-american-banknote","7":"product_cat-ctc-9-a-s2a-small-serifs-4","10":"first","11":"outofstock","12":"shipping-taxable","13":"purchasable","14":"product-type-simple"},"_links":{"self":[{"href":"https:\/\/ctccollector.ca\/store\/wp-json\/wp\/v2\/product\/14173","targetHints":{"allow":["GET"]}}],"collection":[{"href":"https:\/\/ctccollector.ca\/store\/wp-json\/wp\/v2\/product"}],"about":[{"href":"https:\/\/ctccollector.ca\/store\/wp-json\/wp\/v2\/types\/product"}],"wp:featuredmedia":[{"embeddable":true,"href":"https:\/\/ctccollector.ca\/store\/wp-json\/wp\/v2\/media\/14174"}],"wp:attachment":[{"href":"https:\/\/ctccollector.ca\/store\/wp-json\/wp\/v2\/media?parent=14173"}],"wp:term":[{"taxonomy":"product_brand","embeddable":true,"href":"https:\/\/ctccollector.ca\/store\/wp-json\/wp\/v2\/product_brand?post=14173"},{"taxonomy":"product_cat","embeddable":true,"href":"https:\/\/ctccollector.ca\/store\/wp-json\/wp\/v2\/product_cat?post=14173"},{"taxonomy":"product_tag","embeddable":true,"href":"https:\/\/ctccollector.ca\/store\/wp-json\/wp\/v2\/product_tag?post=14173"}],"curies":[{"name":"wp","href":"https:\/\/api.w.org\/{rel}","templated":true}]}}