{"id":14185,"date":"2013-09-06T15:44:00","date_gmt":"2013-09-06T15:44:00","guid":{"rendered":"http:\/\/ctccollector.ca\/store\/?post_type=product&#038;p=14185"},"modified":"2022-12-19T12:50:51","modified_gmt":"2022-12-19T17:50:51","slug":"ctc-9-a2-pis-s8439706-unc-small-serifs-inverted-s","status":"publish","type":"product","link":"https:\/\/ctccollector.ca\/store\/shop\/ctc-9-a2-pis-s8439706-unc-small-serifs-inverted-s\/","title":{"rendered":"[:en]CTC G09-A2-pis &#8211; S8439706 &#8211; UNC &#8211; Small serifs, inverted &#8220;S&#8221;[:fr]CTC G09-A2-pis &#8211; S8439706 &#8211; UNC &#8211; Petit s\u00e9rif, &#8220;S&#8221; invers\u00e9[:]"},"content":{"rendered":"<p>[:en]Serial #: S8439706<\/p>\n<p>Grade: UNC<\/p>\n<p>Denomination: $0.05<\/p>\n<p>Small serifs, inverted &#8220;S&#8221; variety, see image for actual note.[:fr]S\u00e9rie #: S8439706<\/p>\n<p>Grade: UNC<\/p>\n<p>D\u00e9nomination: $0.05<\/p>\n<p>Petits s\u00e9rifs, vari\u00e9t\u00e9 &#8220;S&#8221; invers\u00e9. Voir l&#8217;image[:]<\/p>\n","protected":false},"excerpt":{"rendered":"<p>[:en]Serial #: S8439706 Grade: UNC Denomination: $0.05 Small serifs, inverted &#8220;S&#8221; variety, see image for actual note.[:fr]S\u00e9rie #: S8439706 Grade: UNC D\u00e9nomination: $0.05 Petits s\u00e9rifs, vari\u00e9t\u00e9 &#8220;S&#8221; invers\u00e9. Voir l&#8217;image[:]<\/p>\n","protected":false},"featured_media":14186,"template":"","meta":[],"product_brand":[884],"product_cat":[612],"product_tag":[],"class_list":{"0":"post-14185","1":"product","2":"type-product","3":"status-publish","4":"has-post-thumbnail","6":"product_brand-british-american-banknote","7":"product_cat-ctc-9-a-s2b-inverted-s-2","10":"first","11":"instock","12":"shipping-taxable","13":"purchasable","14":"product-type-simple"},"_links":{"self":[{"href":"https:\/\/ctccollector.ca\/store\/wp-json\/wp\/v2\/product\/14185","targetHints":{"allow":["GET"]}}],"collection":[{"href":"https:\/\/ctccollector.ca\/store\/wp-json\/wp\/v2\/product"}],"about":[{"href":"https:\/\/ctccollector.ca\/store\/wp-json\/wp\/v2\/types\/product"}],"wp:featuredmedia":[{"embeddable":true,"href":"https:\/\/ctccollector.ca\/store\/wp-json\/wp\/v2\/media\/14186"}],"wp:attachment":[{"href":"https:\/\/ctccollector.ca\/store\/wp-json\/wp\/v2\/media?parent=14185"}],"wp:term":[{"taxonomy":"product_brand","embeddable":true,"href":"https:\/\/ctccollector.ca\/store\/wp-json\/wp\/v2\/product_brand?post=14185"},{"taxonomy":"product_cat","embeddable":true,"href":"https:\/\/ctccollector.ca\/store\/wp-json\/wp\/v2\/product_cat?post=14185"},{"taxonomy":"product_tag","embeddable":true,"href":"https:\/\/ctccollector.ca\/store\/wp-json\/wp\/v2\/product_tag?post=14185"}],"curies":[{"name":"wp","href":"https:\/\/api.w.org\/{rel}","templated":true}]}}