{"id":14239,"date":"2013-09-27T10:50:00","date_gmt":"2013-09-27T14:50:00","guid":{"rendered":"http:\/\/ctccollector.ca\/store\/?post_type=product&#038;p=14239"},"modified":"2022-12-19T12:50:59","modified_gmt":"2022-12-19T17:50:59","slug":"ctc-s24-e-unc-dot-seven","status":"publish","type":"product","link":"https:\/\/ctccollector.ca\/store\/shop\/ctc-s24-e-unc-dot-seven\/","title":{"rendered":"[:en]CTC S24-E  &#8211;  UNC &#8211; Dot Seven[:fr]CTC S24-E  &#8211;  UNC &#8211; Point Sept[:]"},"content":{"rendered":"<p>[:en]<br \/>Check out the image- ACTUAL SERIAL NUMBER WILL VARY<\/p>\n<p>[:fr]V\u00e9rifiez l&#8217;image: le num\u00e9ro de s\u00e9rie ACTUEL VARIE[:]<\/p>\n","protected":false},"excerpt":{"rendered":"<p>[:en]Check out the image- ACTUAL SERIAL NUMBER WILL VARY [:fr]V\u00e9rifiez l&#8217;image: le num\u00e9ro de s\u00e9rie ACTUEL VARIE[:]<\/p>\n","protected":false},"featured_media":14240,"template":"","meta":[],"product_brand":[884],"product_cat":[426,992],"product_tag":[],"class_list":{"0":"post-14239","1":"product","2":"type-product","3":"status-publish","4":"has-post-thumbnail","6":"product_brand-british-american-banknote","7":"product_cat-ctc-s24-varieties-6","8":"product_cat-serial-number-varieties","11":"first","12":"instock","13":"shipping-taxable","14":"purchasable","15":"product-type-simple"},"_links":{"self":[{"href":"https:\/\/ctccollector.ca\/store\/wp-json\/wp\/v2\/product\/14239","targetHints":{"allow":["GET"]}}],"collection":[{"href":"https:\/\/ctccollector.ca\/store\/wp-json\/wp\/v2\/product"}],"about":[{"href":"https:\/\/ctccollector.ca\/store\/wp-json\/wp\/v2\/types\/product"}],"wp:featuredmedia":[{"embeddable":true,"href":"https:\/\/ctccollector.ca\/store\/wp-json\/wp\/v2\/media\/14240"}],"wp:attachment":[{"href":"https:\/\/ctccollector.ca\/store\/wp-json\/wp\/v2\/media?parent=14239"}],"wp:term":[{"taxonomy":"product_brand","embeddable":true,"href":"https:\/\/ctccollector.ca\/store\/wp-json\/wp\/v2\/product_brand?post=14239"},{"taxonomy":"product_cat","embeddable":true,"href":"https:\/\/ctccollector.ca\/store\/wp-json\/wp\/v2\/product_cat?post=14239"},{"taxonomy":"product_tag","embeddable":true,"href":"https:\/\/ctccollector.ca\/store\/wp-json\/wp\/v2\/product_tag?post=14239"}],"curies":[{"name":"wp","href":"https:\/\/api.w.org\/{rel}","templated":true}]}}