{"id":16473,"date":"2015-06-23T11:51:00","date_gmt":"2015-06-23T15:51:00","guid":{"rendered":"http:\/\/ctccollector.ca\/store\/?post_type=product&#038;p=16473"},"modified":"2022-12-19T12:53:47","modified_gmt":"2022-12-19T17:53:47","slug":"fa01-010-10-type-014-2400-1006-6855886","status":"publish","type":"product","link":"https:\/\/ctccollector.ca\/store\/shop\/fa01-010-10-type-014-2400-1006-6855886\/","title":{"rendered":"[:en]FA01-010-10-Type 014-2400-1006 &#8211; 6855886[:fr]FA01-010-10-Type 014-2400-1006- 6855886[:]"},"content":{"rendered":"<p>[:en]Fixed Amount Series 1<br \/>\n$10.00 Father and Son Repairing a Bicycle<br \/>\n<br \/>Used, no value on card<br \/>\n2400 &#8211; 48mm<br \/>\n<br \/>Card #6855886<br \/>\n<br \/>Date 10-2006[:fr]Montant Fixe s\u00e9ries 1<br \/>\n$10.00 P\u00e8re et fils r\u00e9parant une bicyclette<br \/>\n<br \/>Utilis\u00e9e, aucun valeur sur la carte<br \/>\n2400 &#8211; 48mm<br \/>\n<br \/>Carte #6855886<br \/>\n<br \/>Date 10-2006[:]<\/p>\n","protected":false},"excerpt":{"rendered":"<p>[:en]Fixed Amount Series 1 $10.00 Father and Son Repairing a Bicycle Used, no value on card 2400 &#8211; 48mm Card #6855886 Date 10-2006[:fr]Montant Fixe s\u00e9ries 1 $10.00 P\u00e8re et fils r\u00e9parant une bicyclette Utilis\u00e9e, aucun valeur sur la carte 2400 &#8211; 48mm Carte #6855886 Date 10-2006[:]<\/p>\n","protected":false},"featured_media":16474,"template":"","meta":[],"product_brand":[886],"product_cat":[742],"product_tag":[],"class_list":{"0":"post-16473","1":"product","2":"type-product","3":"status-publish","4":"has-post-thumbnail","6":"product_brand-canadian-tire-2","7":"product_cat-fa01-010","10":"first","11":"instock","12":"shipping-taxable","13":"purchasable","14":"product-type-simple"},"_links":{"self":[{"href":"https:\/\/ctccollector.ca\/store\/wp-json\/wp\/v2\/product\/16473","targetHints":{"allow":["GET"]}}],"collection":[{"href":"https:\/\/ctccollector.ca\/store\/wp-json\/wp\/v2\/product"}],"about":[{"href":"https:\/\/ctccollector.ca\/store\/wp-json\/wp\/v2\/types\/product"}],"wp:featuredmedia":[{"embeddable":true,"href":"https:\/\/ctccollector.ca\/store\/wp-json\/wp\/v2\/media\/16474"}],"wp:attachment":[{"href":"https:\/\/ctccollector.ca\/store\/wp-json\/wp\/v2\/media?parent=16473"}],"wp:term":[{"taxonomy":"product_brand","embeddable":true,"href":"https:\/\/ctccollector.ca\/store\/wp-json\/wp\/v2\/product_brand?post=16473"},{"taxonomy":"product_cat","embeddable":true,"href":"https:\/\/ctccollector.ca\/store\/wp-json\/wp\/v2\/product_cat?post=16473"},{"taxonomy":"product_tag","embeddable":true,"href":"https:\/\/ctccollector.ca\/store\/wp-json\/wp\/v2\/product_tag?post=16473"}],"curies":[{"name":"wp","href":"https:\/\/api.w.org\/{rel}","templated":true}]}}