{"id":16477,"date":"2015-06-23T11:56:00","date_gmt":"2015-06-23T15:56:00","guid":{"rendered":"http:\/\/ctccollector.ca\/store\/?post_type=product&#038;p=16477"},"modified":"2025-02-02T17:50:05","modified_gmt":"2025-02-02T22:50:05","slug":"fa01-025-04-type-010-2402-1204","status":"publish","type":"product","link":"https:\/\/ctccollector.ca\/store\/shop\/fa01-025-04-type-010-2402-1204\/","title":{"rendered":"[:en]FA01-025-04-Type 010-2402-1204[:fr]FA01-025-04-Type 010-2402-1204[:]"},"content":{"rendered":"<p>[:en]Fixed Amount Series 1<br \/>\n$25.00 Mother and Daughters<br \/>\n<br \/>Used, no value on card<br \/>\n2402 &#8211; <br \/>Date 12-2004[:fr]Montant Fixe s\u00e9ries 1<br \/>\n$25.00 M\u00e8re et filles<br \/>\n<br \/>Utilis\u00e9e, aucun valeur sur la carte<br \/>\n2402 &#8211; <br \/>Date 12-2004[:]<\/p>\n","protected":false},"excerpt":{"rendered":"<p>[:en]Fixed Amount Series 1 $25.00 Mother and Daughters Used, no value on card 2402 &#8211; Date 12-2004[:fr]Montant Fixe s\u00e9ries 1 $25.00 M\u00e8re et filles Utilis\u00e9e, aucun valeur sur la carte 2402 &#8211; Date 12-2004[:]<\/p>\n","protected":false},"featured_media":16478,"template":"","meta":[],"product_brand":[886],"product_cat":[743],"product_tag":[],"class_list":{"0":"post-16477","1":"product","2":"type-product","3":"status-publish","4":"has-post-thumbnail","6":"product_brand-canadian-tire-2","7":"product_cat-fa01-025","10":"first","11":"instock","12":"shipping-taxable","13":"purchasable","14":"product-type-simple"},"_links":{"self":[{"href":"https:\/\/ctccollector.ca\/store\/wp-json\/wp\/v2\/product\/16477","targetHints":{"allow":["GET"]}}],"collection":[{"href":"https:\/\/ctccollector.ca\/store\/wp-json\/wp\/v2\/product"}],"about":[{"href":"https:\/\/ctccollector.ca\/store\/wp-json\/wp\/v2\/types\/product"}],"wp:featuredmedia":[{"embeddable":true,"href":"https:\/\/ctccollector.ca\/store\/wp-json\/wp\/v2\/media\/16478"}],"wp:attachment":[{"href":"https:\/\/ctccollector.ca\/store\/wp-json\/wp\/v2\/media?parent=16477"}],"wp:term":[{"taxonomy":"product_brand","embeddable":true,"href":"https:\/\/ctccollector.ca\/store\/wp-json\/wp\/v2\/product_brand?post=16477"},{"taxonomy":"product_cat","embeddable":true,"href":"https:\/\/ctccollector.ca\/store\/wp-json\/wp\/v2\/product_cat?post=16477"},{"taxonomy":"product_tag","embeddable":true,"href":"https:\/\/ctccollector.ca\/store\/wp-json\/wp\/v2\/product_tag?post=16477"}],"curies":[{"name":"wp","href":"https:\/\/api.w.org\/{rel}","templated":true}]}}