{"id":16487,"date":"2015-06-23T12:08:00","date_gmt":"2015-06-23T16:08:00","guid":{"rendered":"http:\/\/ctccollector.ca\/store\/?post_type=product&#038;p=16487"},"modified":"2022-12-19T12:53:48","modified_gmt":"2022-12-19T17:53:48","slug":"fa01-050-01-type-010-2403-or-2405-0502","status":"publish","type":"product","link":"https:\/\/ctccollector.ca\/store\/shop\/fa01-050-01-type-010-2403-or-2405-0502\/","title":{"rendered":"FA01-050-01-Type 010-(2403 or 2405)-0502"},"content":{"rendered":"<p>[:en]Fixed Amount Series 1<br \/>\n$50.00 Roller Skating<\/p>\n<p>Used, no value on card<br \/>\n2403 &#8211; 2405<br \/>\nDate 05-2002[:fr]Montant Fixe s\u00e9ries 1<br \/>\n$50.00 En patin \u00e0 roulettes<\/p>\n<p>Utilis\u00e9e, aucun valeur sur la carte<br \/>\n2403 &#8211; 2405<\/p>\n<p>Date 05-2002[:]<\/p>\n","protected":false},"excerpt":{"rendered":"<p>[:en]Fixed Amount Series 1 $50.00 Roller Skating Used, no value on card 2403 &#8211; 2405 Date 05-2002[:fr]Montant Fixe s\u00e9ries 1 $50.00 En patin \u00e0 roulettes Utilis\u00e9e, aucun valeur sur la carte 2403 &#8211; 2405 Date 05-2002[:]<\/p>\n","protected":false},"featured_media":16488,"template":"","meta":[],"product_brand":[886],"product_cat":[744],"product_tag":[],"class_list":{"0":"post-16487","1":"product","2":"type-product","3":"status-publish","4":"has-post-thumbnail","6":"product_brand-canadian-tire-2","7":"product_cat-fa01-050","10":"first","11":"instock","12":"shipping-taxable","13":"purchasable","14":"product-type-simple"},"_links":{"self":[{"href":"https:\/\/ctccollector.ca\/store\/wp-json\/wp\/v2\/product\/16487","targetHints":{"allow":["GET"]}}],"collection":[{"href":"https:\/\/ctccollector.ca\/store\/wp-json\/wp\/v2\/product"}],"about":[{"href":"https:\/\/ctccollector.ca\/store\/wp-json\/wp\/v2\/types\/product"}],"wp:featuredmedia":[{"embeddable":true,"href":"https:\/\/ctccollector.ca\/store\/wp-json\/wp\/v2\/media\/16488"}],"wp:attachment":[{"href":"https:\/\/ctccollector.ca\/store\/wp-json\/wp\/v2\/media?parent=16487"}],"wp:term":[{"taxonomy":"product_brand","embeddable":true,"href":"https:\/\/ctccollector.ca\/store\/wp-json\/wp\/v2\/product_brand?post=16487"},{"taxonomy":"product_cat","embeddable":true,"href":"https:\/\/ctccollector.ca\/store\/wp-json\/wp\/v2\/product_cat?post=16487"},{"taxonomy":"product_tag","embeddable":true,"href":"https:\/\/ctccollector.ca\/store\/wp-json\/wp\/v2\/product_tag?post=16487"}],"curies":[{"name":"wp","href":"https:\/\/api.w.org\/{rel}","templated":true}]}}