{"id":16639,"date":"2015-06-29T14:14:00","date_gmt":"2015-06-29T18:14:00","guid":{"rendered":"http:\/\/ctccollector.ca\/store\/?post_type=product&#038;p=16639"},"modified":"2022-12-19T12:54:01","modified_gmt":"2022-12-19T17:54:01","slug":"fa01-010-09-type-014-2404-0706-6553773","status":"publish","type":"product","link":"https:\/\/ctccollector.ca\/store\/shop\/fa01-010-09-type-014-2404-0706-6553773\/","title":{"rendered":"[:en]FA01-010-09-Type 014-2404-0706 &#8211; 6553773[:fr]FA01-010-09-Type 014-2404-0706 &#8211; 6553773[:]"},"content":{"rendered":"<p>[:en]Fixed Amount Series 1<br \/>\n$10.00 Father and Son Repairing a Bicycle<br \/>\n<br \/>Used, no value on card<br \/>\n<br \/>Card #6553773<br \/>\n2404 &#8211; 48mm<br \/>\n<br \/>Date 07-2006[:fr]Montant Fixe s\u00e9ries 1<br \/>\n$10.00 P\u00e8re et fils r\u00e9parant une bicyclette<br \/>\n<br \/>Utilis\u00e9e, aucun valeur sur la carte<br \/>\n<br \/>Carte #6553773<br \/>\n2404 &#8211; 48mm<br \/>\n<br \/>Date 07-2006[:]<\/p>\n","protected":false},"excerpt":{"rendered":"<p>[:en]Fixed Amount Series 1 $10.00 Father and Son Repairing a Bicycle Used, no value on card Card #6553773 2404 &#8211; 48mm Date 07-2006[:fr]Montant Fixe s\u00e9ries 1 $10.00 P\u00e8re et fils r\u00e9parant une bicyclette Utilis\u00e9e, aucun valeur sur la carte Carte #6553773 2404 &#8211; 48mm Date 07-2006[:]<\/p>\n","protected":false},"featured_media":16640,"template":"","meta":[],"product_brand":[886],"product_cat":[742],"product_tag":[],"class_list":{"0":"post-16639","1":"product","2":"type-product","3":"status-publish","4":"has-post-thumbnail","6":"product_brand-canadian-tire-2","7":"product_cat-fa01-010","10":"first","11":"instock","12":"shipping-taxable","13":"purchasable","14":"product-type-simple"},"_links":{"self":[{"href":"https:\/\/ctccollector.ca\/store\/wp-json\/wp\/v2\/product\/16639","targetHints":{"allow":["GET"]}}],"collection":[{"href":"https:\/\/ctccollector.ca\/store\/wp-json\/wp\/v2\/product"}],"about":[{"href":"https:\/\/ctccollector.ca\/store\/wp-json\/wp\/v2\/types\/product"}],"wp:featuredmedia":[{"embeddable":true,"href":"https:\/\/ctccollector.ca\/store\/wp-json\/wp\/v2\/media\/16640"}],"wp:attachment":[{"href":"https:\/\/ctccollector.ca\/store\/wp-json\/wp\/v2\/media?parent=16639"}],"wp:term":[{"taxonomy":"product_brand","embeddable":true,"href":"https:\/\/ctccollector.ca\/store\/wp-json\/wp\/v2\/product_brand?post=16639"},{"taxonomy":"product_cat","embeddable":true,"href":"https:\/\/ctccollector.ca\/store\/wp-json\/wp\/v2\/product_cat?post=16639"},{"taxonomy":"product_tag","embeddable":true,"href":"https:\/\/ctccollector.ca\/store\/wp-json\/wp\/v2\/product_tag?post=16639"}],"curies":[{"name":"wp","href":"https:\/\/api.w.org\/{rel}","templated":true}]}}