{"id":16661,"date":"2015-06-29T14:40:00","date_gmt":"2015-06-29T18:40:00","guid":{"rendered":"http:\/\/ctccollector.ca\/store\/?post_type=product&#038;p=16661"},"modified":"2022-12-19T12:54:07","modified_gmt":"2022-12-19T17:54:07","slug":"fa01-050-09-type-010-2403-0505","status":"publish","type":"product","link":"https:\/\/ctccollector.ca\/store\/shop\/fa01-050-09-type-010-2403-0505\/","title":{"rendered":"[:en]FA01-050-09-Type 010-2403-0505[:fr]FA01-050-09-Type 010-2403-0505[:]"},"content":{"rendered":"<p>[:en]Fixed Amount Series 1<br \/>\n$50.00 Roller Skating<br \/>\n<br \/>Used, no value on card<br \/>\n2403<br \/>\n<br \/>Date 05-2005[:fr]Montant Fixe s\u00e9ries 1<br \/>\n$50.00 En patin \u00e0 roulettes<br \/>\n<br \/>Utilis\u00e9e, aucun valeur sur la carte<br \/>\n2403<br \/>\n<br \/>Date 05-2005[:]<\/p>\n","protected":false},"excerpt":{"rendered":"<p>[:en]Fixed Amount Series 1 $50.00 Roller Skating Used, no value on card 2403 Date 05-2005[:fr]Montant Fixe s\u00e9ries 1 $50.00 En patin \u00e0 roulettes Utilis\u00e9e, aucun valeur sur la carte 2403 Date 05-2005[:]<\/p>\n","protected":false},"featured_media":16662,"template":"","meta":[],"product_brand":[886],"product_cat":[744],"product_tag":[],"class_list":{"0":"post-16661","1":"product","2":"type-product","3":"status-publish","4":"has-post-thumbnail","6":"product_brand-canadian-tire-2","7":"product_cat-fa01-050","10":"first","11":"instock","12":"shipping-taxable","13":"purchasable","14":"product-type-simple"},"_links":{"self":[{"href":"https:\/\/ctccollector.ca\/store\/wp-json\/wp\/v2\/product\/16661","targetHints":{"allow":["GET"]}}],"collection":[{"href":"https:\/\/ctccollector.ca\/store\/wp-json\/wp\/v2\/product"}],"about":[{"href":"https:\/\/ctccollector.ca\/store\/wp-json\/wp\/v2\/types\/product"}],"wp:featuredmedia":[{"embeddable":true,"href":"https:\/\/ctccollector.ca\/store\/wp-json\/wp\/v2\/media\/16662"}],"wp:attachment":[{"href":"https:\/\/ctccollector.ca\/store\/wp-json\/wp\/v2\/media?parent=16661"}],"wp:term":[{"taxonomy":"product_brand","embeddable":true,"href":"https:\/\/ctccollector.ca\/store\/wp-json\/wp\/v2\/product_brand?post=16661"},{"taxonomy":"product_cat","embeddable":true,"href":"https:\/\/ctccollector.ca\/store\/wp-json\/wp\/v2\/product_cat?post=16661"},{"taxonomy":"product_tag","embeddable":true,"href":"https:\/\/ctccollector.ca\/store\/wp-json\/wp\/v2\/product_tag?post=16661"}],"curies":[{"name":"wp","href":"https:\/\/api.w.org\/{rel}","templated":true}]}}