{"id":16667,"date":"2015-06-29T10:46:00","date_gmt":"2015-06-29T14:46:00","guid":{"rendered":"http:\/\/ctccollector.ca\/store\/?post_type=product&#038;p=16667"},"modified":"2025-02-02T17:50:05","modified_gmt":"2025-02-02T22:50:05","slug":"fa01-100-02-type-010-2404-1003","status":"publish","type":"product","link":"https:\/\/ctccollector.ca\/store\/shop\/fa01-100-02-type-010-2404-1003\/","title":{"rendered":"[:en]FA01-100-02-Type 010-2404-1003[:fr]FA01-100-02-Type 010-2404-1003[:]"},"content":{"rendered":"<p>[:en]Fixed Amount Series 1<br \/>\n$100.00 Family Moving<br \/>\n<br \/>Used, no value on card<br \/>\n2404<br \/>\n<br \/>Date 10-2003[:fr]Montant Fixe s\u00e9ries 1<br \/>\n$100.00 Famille qui d\u00e9m\u00e9nage<br \/>\n<br \/>Utilis\u00e9e, aucun valeur sur la carte<br \/>\n2404<br \/>\n<br \/>Date 10-2003[:]<\/p>\n","protected":false},"excerpt":{"rendered":"<p>[:en]Fixed Amount Series 1 $100.00 Family Moving Used, no value on card 2404 Date 10-2003[:fr]Montant Fixe s\u00e9ries 1 $100.00 Famille qui d\u00e9m\u00e9nage Utilis\u00e9e, aucun valeur sur la carte 2404 Date 10-2003[:]<\/p>\n","protected":false},"featured_media":16668,"template":"","meta":[],"product_brand":[886],"product_cat":[745],"product_tag":[],"class_list":{"0":"post-16667","1":"product","2":"type-product","3":"status-publish","4":"has-post-thumbnail","6":"product_brand-canadian-tire-2","7":"product_cat-fa01-100","10":"first","11":"instock","12":"shipping-taxable","13":"purchasable","14":"product-type-simple"},"_links":{"self":[{"href":"https:\/\/ctccollector.ca\/store\/wp-json\/wp\/v2\/product\/16667","targetHints":{"allow":["GET"]}}],"collection":[{"href":"https:\/\/ctccollector.ca\/store\/wp-json\/wp\/v2\/product"}],"about":[{"href":"https:\/\/ctccollector.ca\/store\/wp-json\/wp\/v2\/types\/product"}],"wp:featuredmedia":[{"embeddable":true,"href":"https:\/\/ctccollector.ca\/store\/wp-json\/wp\/v2\/media\/16668"}],"wp:attachment":[{"href":"https:\/\/ctccollector.ca\/store\/wp-json\/wp\/v2\/media?parent=16667"}],"wp:term":[{"taxonomy":"product_brand","embeddable":true,"href":"https:\/\/ctccollector.ca\/store\/wp-json\/wp\/v2\/product_brand?post=16667"},{"taxonomy":"product_cat","embeddable":true,"href":"https:\/\/ctccollector.ca\/store\/wp-json\/wp\/v2\/product_cat?post=16667"},{"taxonomy":"product_tag","embeddable":true,"href":"https:\/\/ctccollector.ca\/store\/wp-json\/wp\/v2\/product_tag?post=16667"}],"curies":[{"name":"wp","href":"https:\/\/api.w.org\/{rel}","templated":true}]}}