{"id":16991,"date":"2015-07-06T12:23:00","date_gmt":"2015-07-06T16:23:00","guid":{"rendered":"http:\/\/ctccollector.ca\/store\/?post_type=product&#038;p=16991"},"modified":"2024-09-12T00:08:48","modified_gmt":"2024-09-12T04:08:48","slug":"vnr-fd-01-type-232-2452-0215-4006769","status":"publish","type":"product","link":"https:\/\/ctccollector.ca\/store\/shop\/vnr-fd-01-type-232-2452-0215-4006769\/","title":{"rendered":"[:en]VNR-FD-01-Type 232 &#8211; 2452-0215 &#8211; 4006769[:fr]VNR-FD-01-Type 232 &#8211; 2452-0215 &#8211; 4006769[:]"},"content":{"rendered":"<p>[:en]Variable Amount Non-Reloadable<br \/>\nFather&#8217;s Day<br \/>\n<br \/>Used, no value on card<br \/>\n<br \/>Card #4006769<br \/>\n<br \/>Date 02-2015[:fr]Montant variable non-rechargeable<br \/>\nF\u00eate des P\u00e8res<br \/>\n<br \/>Utilis\u00e9e, aucun valeur sur la carte<br \/>\n<br \/>Carte #4006769<br \/>\n<br \/>Date 02-2015[:]<\/p>\n","protected":false},"excerpt":{"rendered":"<p>[:en]Variable Amount Non-Reloadable Father&#8217;s Day Used, no value on card Card #4006769 Date 02-2015[:fr]Montant variable non-rechargeable F\u00eate des P\u00e8res Utilis\u00e9e, aucun valeur sur la carte Carte #4006769 Date 02-2015[:]<\/p>\n","protected":false},"featured_media":16992,"template":"","meta":[],"product_brand":[886],"product_cat":[804],"product_tag":[],"class_list":{"0":"post-16991","1":"product","2":"type-product","3":"status-publish","4":"has-post-thumbnail","6":"product_brand-canadian-tire-2","7":"product_cat-vnr-fd","10":"first","11":"instock","12":"shipping-taxable","13":"purchasable","14":"product-type-simple"},"_links":{"self":[{"href":"https:\/\/ctccollector.ca\/store\/wp-json\/wp\/v2\/product\/16991","targetHints":{"allow":["GET"]}}],"collection":[{"href":"https:\/\/ctccollector.ca\/store\/wp-json\/wp\/v2\/product"}],"about":[{"href":"https:\/\/ctccollector.ca\/store\/wp-json\/wp\/v2\/types\/product"}],"wp:featuredmedia":[{"embeddable":true,"href":"https:\/\/ctccollector.ca\/store\/wp-json\/wp\/v2\/media\/16992"}],"wp:attachment":[{"href":"https:\/\/ctccollector.ca\/store\/wp-json\/wp\/v2\/media?parent=16991"}],"wp:term":[{"taxonomy":"product_brand","embeddable":true,"href":"https:\/\/ctccollector.ca\/store\/wp-json\/wp\/v2\/product_brand?post=16991"},{"taxonomy":"product_cat","embeddable":true,"href":"https:\/\/ctccollector.ca\/store\/wp-json\/wp\/v2\/product_cat?post=16991"},{"taxonomy":"product_tag","embeddable":true,"href":"https:\/\/ctccollector.ca\/store\/wp-json\/wp\/v2\/product_tag?post=16991"}],"curies":[{"name":"wp","href":"https:\/\/api.w.org\/{rel}","templated":true}]}}