{"id":17197,"date":"2015-10-02T11:46:00","date_gmt":"2015-10-02T15:46:00","guid":{"rendered":"http:\/\/ctccollector.ca\/store\/?post_type=product&#038;p=17197"},"modified":"2022-12-19T12:55:09","modified_gmt":"2022-12-19T17:55:09","slug":"ctc-6-e-c1496316-fine","status":"publish","type":"product","link":"https:\/\/ctccollector.ca\/store\/shop\/ctc-6-e-c1496316-fine\/","title":{"rendered":"CTC G06-E &#8211; C1496316 &#8211; FINE"},"content":{"rendered":"<p>[:en]Serial #: C1496316<\/p>\n<p>Grade: FINE<\/p>\n<p>Denomination: $0.25<\/p>\n<p>Check out the image, this will be the actual note you are purchasing![:fr]Num\u00e9ro de s\u00e9rie: C1496316<\/p>\n<p>Grade: FINE<\/p>\n<p>D\u00e9nomination: $0.25<\/p>\n<p>Voir l&#8217;image pour examiner le billet que vous ach\u00e8terez![:]<\/p>\n","protected":false},"excerpt":{"rendered":"<p>[:en]Serial #: C1496316 Grade: FINE Denomination: $0.25 Check out the image, this will be the actual note you are purchasing![:fr]Num\u00e9ro de s\u00e9rie: C1496316 Grade: FINE D\u00e9nomination: $0.25 Voir l&#8217;image pour examiner le billet que vous ach\u00e8terez![:]<\/p>\n","protected":false},"featured_media":17198,"template":"","meta":[],"product_brand":[884],"product_cat":[314],"product_tag":[],"class_list":{"0":"post-17197","1":"product","2":"type-product","3":"status-publish","4":"has-post-thumbnail","6":"product_brand-british-american-banknote","7":"product_cat-ctc-6-25-notes-3","10":"first","11":"instock","12":"shipping-taxable","13":"purchasable","14":"product-type-simple"},"_links":{"self":[{"href":"https:\/\/ctccollector.ca\/store\/wp-json\/wp\/v2\/product\/17197","targetHints":{"allow":["GET"]}}],"collection":[{"href":"https:\/\/ctccollector.ca\/store\/wp-json\/wp\/v2\/product"}],"about":[{"href":"https:\/\/ctccollector.ca\/store\/wp-json\/wp\/v2\/types\/product"}],"wp:featuredmedia":[{"embeddable":true,"href":"https:\/\/ctccollector.ca\/store\/wp-json\/wp\/v2\/media\/17198"}],"wp:attachment":[{"href":"https:\/\/ctccollector.ca\/store\/wp-json\/wp\/v2\/media?parent=17197"}],"wp:term":[{"taxonomy":"product_brand","embeddable":true,"href":"https:\/\/ctccollector.ca\/store\/wp-json\/wp\/v2\/product_brand?post=17197"},{"taxonomy":"product_cat","embeddable":true,"href":"https:\/\/ctccollector.ca\/store\/wp-json\/wp\/v2\/product_cat?post=17197"},{"taxonomy":"product_tag","embeddable":true,"href":"https:\/\/ctccollector.ca\/store\/wp-json\/wp\/v2\/product_tag?post=17197"}],"curies":[{"name":"wp","href":"https:\/\/api.w.org\/{rel}","templated":true}]}}