{"id":17333,"date":"2016-01-13T16:37:00","date_gmt":"2016-01-13T21:37:00","guid":{"rendered":"http:\/\/ctccollector.ca\/store\/?post_type=product&#038;p=17333"},"modified":"2021-01-13T09:55:20","modified_gmt":"2021-01-13T14:55:20","slug":"fa01-025-15-type-014-2405-1106-7158409","status":"publish","type":"product","link":"https:\/\/ctccollector.ca\/store\/shop\/fa01-025-15-type-014-2405-1106-7158409\/","title":{"rendered":"[:en]FA01-025-15-Type 014-2405-1106- 7158409[:fr]FA01-025-15-Type 014-2405-1106- 7158409[:]"},"content":{"rendered":"<p>[:en]Fixed Amount Series 1<br \/>\n$25.00 Mother and Daughters<br \/>\n<br \/>Used, no value on card<br \/>\n2405 &#8211; <br \/>Card #7158409<br \/>\n<br \/>Date 11-2006[:fr]Montant Fixe s\u00e9ries 1<br \/>\n$25.00 M\u00e8re et filles<br \/>\n<br \/>Utilis\u00e9e, aucun valeur sur la carte<br \/>\n2405 &#8211; <br \/>Carte #7158409<br \/>\n<br \/>Date 11-2006[:]<\/p>\n","protected":false},"excerpt":{"rendered":"<p>[:en]Fixed Amount Series 1 $25.00 Mother and Daughters Used, no value on card 2405 &#8211; Card #7158409 Date 11-2006[:fr]Montant Fixe s\u00e9ries 1 $25.00 M\u00e8re et filles Utilis\u00e9e, aucun valeur sur la carte 2405 &#8211; Carte #7158409 Date 11-2006[:]<\/p>\n","protected":false},"featured_media":17334,"template":"","meta":[],"product_brand":[886],"product_cat":[743],"product_tag":[],"class_list":{"0":"post-17333","1":"product","2":"type-product","3":"status-publish","4":"has-post-thumbnail","6":"product_brand-canadian-tire-2","7":"product_cat-fa01-025","10":"first","11":"instock","12":"shipping-taxable","13":"purchasable","14":"product-type-simple"},"_links":{"self":[{"href":"https:\/\/ctccollector.ca\/store\/wp-json\/wp\/v2\/product\/17333","targetHints":{"allow":["GET"]}}],"collection":[{"href":"https:\/\/ctccollector.ca\/store\/wp-json\/wp\/v2\/product"}],"about":[{"href":"https:\/\/ctccollector.ca\/store\/wp-json\/wp\/v2\/types\/product"}],"wp:featuredmedia":[{"embeddable":true,"href":"https:\/\/ctccollector.ca\/store\/wp-json\/wp\/v2\/media\/17334"}],"wp:attachment":[{"href":"https:\/\/ctccollector.ca\/store\/wp-json\/wp\/v2\/media?parent=17333"}],"wp:term":[{"taxonomy":"product_brand","embeddable":true,"href":"https:\/\/ctccollector.ca\/store\/wp-json\/wp\/v2\/product_brand?post=17333"},{"taxonomy":"product_cat","embeddable":true,"href":"https:\/\/ctccollector.ca\/store\/wp-json\/wp\/v2\/product_cat?post=17333"},{"taxonomy":"product_tag","embeddable":true,"href":"https:\/\/ctccollector.ca\/store\/wp-json\/wp\/v2\/product_tag?post=17333"}],"curies":[{"name":"wp","href":"https:\/\/api.w.org\/{rel}","templated":true}]}}