{"id":17365,"date":"2016-01-19T14:44:00","date_gmt":"2016-01-19T19:44:00","guid":{"rendered":"http:\/\/ctccollector.ca\/store\/?post_type=product&#038;p=17365"},"modified":"2025-02-02T17:50:05","modified_gmt":"2025-02-02T22:50:05","slug":"fa06-025-01-type-080-2410-0115-4006476","status":"publish","type":"product","link":"https:\/\/ctccollector.ca\/store\/shop\/fa06-025-01-type-080-2410-0115-4006476\/","title":{"rendered":"[:en]FA06-025-01-Type 080-2410-0115 &#8211; 4006476[:fr]FA06-025-01-Type 080-2410-0115 &#8211; 4006476[:]"},"content":{"rendered":"<p>[:en]Fixed Amount Series 6<br \/>\n$25.00 Bicycle Wheel<br \/>\n<br \/>Used, no value on card<br \/>\n2410 &#8211; <br \/>Card #4006476<br \/>\n<br \/>Date 01-2015[:fr]Montant Fixe s\u00e9ries 6<br \/>\n$25.00 Roue de v\u00e9lo<br \/>\n<br \/>Utilis\u00e9e, aucun valeur sur la carte<br \/>\n2410 &#8211; <br \/>Carte #4006476<br \/>\n<br \/>Date 01-2015[:]<\/p>\n","protected":false},"excerpt":{"rendered":"<p>[:en]Fixed Amount Series 6 $25.00 Bicycle Wheel Used, no value on card 2410 &#8211; Card #4006476 Date 01-2015[:fr]Montant Fixe s\u00e9ries 6 $25.00 Roue de v\u00e9lo Utilis\u00e9e, aucun valeur sur la carte 2410 &#8211; Carte #4006476 Date 01-2015[:]<\/p>\n","protected":false},"featured_media":17366,"template":"","meta":[],"product_brand":[886],"product_cat":[847],"product_tag":[],"class_list":{"0":"post-17365","1":"product","2":"type-product","3":"status-publish","4":"has-post-thumbnail","6":"product_brand-canadian-tire-2","7":"product_cat-fa06-025","10":"first","11":"instock","12":"shipping-taxable","13":"purchasable","14":"product-type-simple"},"_links":{"self":[{"href":"https:\/\/ctccollector.ca\/store\/wp-json\/wp\/v2\/product\/17365","targetHints":{"allow":["GET"]}}],"collection":[{"href":"https:\/\/ctccollector.ca\/store\/wp-json\/wp\/v2\/product"}],"about":[{"href":"https:\/\/ctccollector.ca\/store\/wp-json\/wp\/v2\/types\/product"}],"wp:featuredmedia":[{"embeddable":true,"href":"https:\/\/ctccollector.ca\/store\/wp-json\/wp\/v2\/media\/17366"}],"wp:attachment":[{"href":"https:\/\/ctccollector.ca\/store\/wp-json\/wp\/v2\/media?parent=17365"}],"wp:term":[{"taxonomy":"product_brand","embeddable":true,"href":"https:\/\/ctccollector.ca\/store\/wp-json\/wp\/v2\/product_brand?post=17365"},{"taxonomy":"product_cat","embeddable":true,"href":"https:\/\/ctccollector.ca\/store\/wp-json\/wp\/v2\/product_cat?post=17365"},{"taxonomy":"product_tag","embeddable":true,"href":"https:\/\/ctccollector.ca\/store\/wp-json\/wp\/v2\/product_tag?post=17365"}],"curies":[{"name":"wp","href":"https:\/\/api.w.org\/{rel}","templated":true}]}}