{"id":17573,"date":"2016-07-20T16:04:00","date_gmt":"2016-07-20T20:04:00","guid":{"rendered":"http:\/\/ctccollector.ca\/store\/?post_type=product&#038;p=17573"},"modified":"2021-04-07T09:12:31","modified_gmt":"2021-04-07T13:12:31","slug":"fa06-025-05-type-075-2415-0116-4008692","status":"publish","type":"product","link":"https:\/\/ctccollector.ca\/store\/shop\/fa06-025-05-type-075-2415-0116-4008692\/","title":{"rendered":"[:en]FA06-025-05-Type 075-2415-0116 &#8211; 4008692[:fr]FA06-025-05-Type 075-2415-0116 &#8211; 4008692[:]"},"content":{"rendered":"<p>[:en]Fixed Amount Series 6<br \/>\n$25.00 Bicycle Wheel<br \/>\n<br \/>Used, no value on card<br \/>\n2415 &#8211; <br \/>Card #4008692<br \/>\n<br \/>Date 01-2016[:fr]Montant Fixe s\u00e9ries 6<br \/>\n$25.00 Roue de v\u00e9lo<br \/>\n<br \/>Utilis\u00e9e, aucun valeur sur la carte<br \/>\n2415 &#8211; <br \/>Carte #4008692<br \/>\n<br \/>Date 01-2016[:]<\/p>\n","protected":false},"excerpt":{"rendered":"<p>[:en]Fixed Amount Series 6 $25.00 Bicycle Wheel Used, no value on card 2415 &#8211; Card #4008692 Date 01-2016[:fr]Montant Fixe s\u00e9ries 6 $25.00 Roue de v\u00e9lo Utilis\u00e9e, aucun valeur sur la carte 2415 &#8211; Carte #4008692 Date 01-2016[:]<\/p>\n","protected":false},"featured_media":17574,"template":"","meta":[],"product_brand":[886],"product_cat":[847],"product_tag":[],"class_list":{"0":"post-17573","1":"product","2":"type-product","3":"status-publish","4":"has-post-thumbnail","6":"product_brand-canadian-tire-2","7":"product_cat-fa06-025","10":"first","11":"instock","12":"shipping-taxable","13":"purchasable","14":"product-type-simple"},"_links":{"self":[{"href":"https:\/\/ctccollector.ca\/store\/wp-json\/wp\/v2\/product\/17573","targetHints":{"allow":["GET"]}}],"collection":[{"href":"https:\/\/ctccollector.ca\/store\/wp-json\/wp\/v2\/product"}],"about":[{"href":"https:\/\/ctccollector.ca\/store\/wp-json\/wp\/v2\/types\/product"}],"wp:featuredmedia":[{"embeddable":true,"href":"https:\/\/ctccollector.ca\/store\/wp-json\/wp\/v2\/media\/17574"}],"wp:attachment":[{"href":"https:\/\/ctccollector.ca\/store\/wp-json\/wp\/v2\/media?parent=17573"}],"wp:term":[{"taxonomy":"product_brand","embeddable":true,"href":"https:\/\/ctccollector.ca\/store\/wp-json\/wp\/v2\/product_brand?post=17573"},{"taxonomy":"product_cat","embeddable":true,"href":"https:\/\/ctccollector.ca\/store\/wp-json\/wp\/v2\/product_cat?post=17573"},{"taxonomy":"product_tag","embeddable":true,"href":"https:\/\/ctccollector.ca\/store\/wp-json\/wp\/v2\/product_tag?post=17573"}],"curies":[{"name":"wp","href":"https:\/\/api.w.org\/{rel}","templated":true}]}}