{"id":17915,"date":"2016-10-08T10:53:00","date_gmt":"2016-10-08T10:53:00","guid":{"rendered":"http:\/\/ctccollector.ca\/store\/?post_type=product&#038;p=17915"},"modified":"2016-10-08T10:54:00","modified_gmt":"2016-10-08T10:54:00","slug":"ctc-s15-e-f-0000001044-unc-matched-serial-numbers","status":"publish","type":"product","link":"https:\/\/ctccollector.ca\/store\/shop\/ctc-s15-e-f-0000001044-unc-matched-serial-numbers\/","title":{"rendered":"[:en]CTC S15-E\/F &#8211; 0000001044 &#8211; UNC &#8211; Matched serial numbers[:fr]CTC S15-E\/F &#8211; 0000001044 &#8211; UNC &#8211; Num\u00e9ros de s\u00e9ries pareils[:]"},"content":{"rendered":"<p>[:en]Matched set of serial numbers<br \/>\nSerial numbers0000001044<br \/>\nCTC S15-E 50&cent; note and CTC S15-F $1.00 note<br \/>\nVery hard to assemble set[:fr]Ensemble de num\u00e9ros de s\u00e9rie pareils<br \/>\nNum\u00e9ro de s\u00e9rie 0000001044<br \/>\nUn de chaque CTC S15-E 50\u00a2 et CTC S15-F $1.00<br \/>\nTr\u00e8s difficile \u00e0 trouver[:]<\/p>\n","protected":false},"excerpt":{"rendered":"<p>[:en]Matched set of serial numbers Serial numbers0000001044 CTC S15-E 50&cent; note and CTC S15-F $1.00 note Very hard to assemble set[:fr]Ensemble de num\u00e9ros de s\u00e9rie pareils Num\u00e9ro de s\u00e9rie 0000001044 Un de chaque CTC S15-E 50\u00a2 et CTC S15-F $1.00 Tr\u00e8s difficile \u00e0 trouver[:]<\/p>\n","protected":false},"featured_media":17916,"template":"","meta":[],"product_brand":[885],"product_cat":[544,543],"product_tag":[],"class_list":{"0":"post-17915","1":"product","2":"type-product","3":"status-publish","4":"has-post-thumbnail","6":"product_brand-canadian-banknote","7":"product_cat-ctc-s15-1-00-notes-14","8":"product_cat-ctc-s15-50-notes-19","11":"first","12":"instock","13":"shipping-taxable","14":"purchasable","15":"product-type-simple"},"_links":{"self":[{"href":"https:\/\/ctccollector.ca\/store\/wp-json\/wp\/v2\/product\/17915","targetHints":{"allow":["GET"]}}],"collection":[{"href":"https:\/\/ctccollector.ca\/store\/wp-json\/wp\/v2\/product"}],"about":[{"href":"https:\/\/ctccollector.ca\/store\/wp-json\/wp\/v2\/types\/product"}],"wp:featuredmedia":[{"embeddable":true,"href":"https:\/\/ctccollector.ca\/store\/wp-json\/wp\/v2\/media\/17916"}],"wp:attachment":[{"href":"https:\/\/ctccollector.ca\/store\/wp-json\/wp\/v2\/media?parent=17915"}],"wp:term":[{"taxonomy":"product_brand","embeddable":true,"href":"https:\/\/ctccollector.ca\/store\/wp-json\/wp\/v2\/product_brand?post=17915"},{"taxonomy":"product_cat","embeddable":true,"href":"https:\/\/ctccollector.ca\/store\/wp-json\/wp\/v2\/product_cat?post=17915"},{"taxonomy":"product_tag","embeddable":true,"href":"https:\/\/ctccollector.ca\/store\/wp-json\/wp\/v2\/product_tag?post=17915"}],"curies":[{"name":"wp","href":"https:\/\/api.w.org\/{rel}","templated":true}]}}