{"id":18231,"date":"2016-11-02T17:02:00","date_gmt":"2016-11-02T17:02:00","guid":{"rendered":"http:\/\/ctccollector.ca\/store\/?post_type=product&#038;p=18231"},"modified":"2019-01-16T10:00:36","modified_gmt":"2019-01-16T15:00:36","slug":"1991-summer","status":"publish","type":"product","link":"https:\/\/ctccollector.ca\/store\/shop\/1991-summer\/","title":{"rendered":"[:en]1991 Summer[:fr]1991 \u00e9t\u00e9[:]"},"content":{"rendered":"<p>[:en]This is the FRENCH 1991 Summer catalogue.<br \/>\nJudge the condition from the image, this is the actual catalogue you will receive.<br \/>\n48 pages<br \/>\nSize 8 x 11 inches[:fr]Voici le catalogue fran\u00e7ais 1991 \u00c9t\u00e9<br \/>\nJugez la condition de l&#8217;image, c&#8217;est le catalogue r\u00e9el que vous recevrez.<br \/>\n48 pages<br \/>\nDimensions 8 x 11 pouces[:]<\/p>\n","protected":false},"excerpt":{"rendered":"<p>[:en]This is the FRENCH 1991 Summer catalogue. Judge the condition from the image, this is the actual catalogue you will receive. 48 pages Size 8 x 11 inches[:fr]Voici le catalogue fran\u00e7ais 1991 \u00c9t\u00e9 Jugez la condition de l&#8217;image, c&#8217;est le catalogue r\u00e9el que vous recevrez. 48 pages Dimensions 8 x 11 pouces[:]<\/p>\n","protected":false},"featured_media":18232,"template":"","meta":[],"product_brand":[],"product_cat":[859],"product_tag":[],"class_list":{"0":"post-18231","1":"product","2":"type-product","3":"status-publish","4":"has-post-thumbnail","6":"product_cat-1991-french","9":"first","10":"instock","11":"shipping-taxable","12":"purchasable","13":"product-type-simple"},"_links":{"self":[{"href":"https:\/\/ctccollector.ca\/store\/wp-json\/wp\/v2\/product\/18231","targetHints":{"allow":["GET"]}}],"collection":[{"href":"https:\/\/ctccollector.ca\/store\/wp-json\/wp\/v2\/product"}],"about":[{"href":"https:\/\/ctccollector.ca\/store\/wp-json\/wp\/v2\/types\/product"}],"wp:featuredmedia":[{"embeddable":true,"href":"https:\/\/ctccollector.ca\/store\/wp-json\/wp\/v2\/media\/18232"}],"wp:attachment":[{"href":"https:\/\/ctccollector.ca\/store\/wp-json\/wp\/v2\/media?parent=18231"}],"wp:term":[{"taxonomy":"product_brand","embeddable":true,"href":"https:\/\/ctccollector.ca\/store\/wp-json\/wp\/v2\/product_brand?post=18231"},{"taxonomy":"product_cat","embeddable":true,"href":"https:\/\/ctccollector.ca\/store\/wp-json\/wp\/v2\/product_cat?post=18231"},{"taxonomy":"product_tag","embeddable":true,"href":"https:\/\/ctccollector.ca\/store\/wp-json\/wp\/v2\/product_tag?post=18231"}],"curies":[{"name":"wp","href":"https:\/\/api.w.org\/{rel}","templated":true}]}}