{"id":18627,"date":"2016-12-30T16:28:00","date_gmt":"2016-12-30T21:28:00","guid":{"rendered":"http:\/\/ctccollector.ca\/store\/?post_type=product&#038;p=18627"},"modified":"2024-12-27T00:32:42","modified_gmt":"2024-12-27T05:32:42","slug":"prc-50-10b-type-375-2454-0916-4009961","status":"publish","type":"product","link":"https:\/\/ctccollector.ca\/store\/shop\/prc-50-10b-type-375-2454-0916-4009961\/","title":{"rendered":"[:en]PRC-50-10b-Type 375 &#8211; 2454-0916 &#8211; 4009961 &#8211; Large #[:fr]PRC-50-10b-Type 375 &#8211; 2454-0916 &#8211; 4009961 &#8211; Gros #[:]"},"content":{"rendered":"<p>[:en]Promotional Cards<br \/>\nPromo Card \/ with large serial number<\/p>\n<p>Used, no value on card<\/p>\n<p>Card #4009961<\/p>\n<p>Date 09-2016[:fr]Cartes promotionnelles<br \/>\nCarte promo \/ avec gros num\u00e9ro de s\u00e9rie<\/p>\n<p>Utilis\u00e9e, aucun valeur sur la carte<\/p>\n<p>Carte #4009961<\/p>\n<p>Date 09-2016[:]<\/p>\n","protected":false},"excerpt":{"rendered":"<p>[:en]Promotional Cards Promo Card \/ with large serial number Used, no value on card Card #4009961 Date 09-2016[:fr]Cartes promotionnelles Carte promo \/ avec gros num\u00e9ro de s\u00e9rie Utilis\u00e9e, aucun valeur sur la carte Carte #4009961 Date 09-2016[:]<\/p>\n","protected":false},"featured_media":25145,"template":"","meta":[],"product_brand":[886],"product_cat":[843],"product_tag":[],"class_list":{"0":"post-18627","1":"product","2":"type-product","3":"status-publish","4":"has-post-thumbnail","6":"product_brand-canadian-tire-2","7":"product_cat-prc-50-00","10":"first","11":"instock","12":"shipping-taxable","13":"purchasable","14":"product-type-simple"},"_links":{"self":[{"href":"https:\/\/ctccollector.ca\/store\/wp-json\/wp\/v2\/product\/18627","targetHints":{"allow":["GET"]}}],"collection":[{"href":"https:\/\/ctccollector.ca\/store\/wp-json\/wp\/v2\/product"}],"about":[{"href":"https:\/\/ctccollector.ca\/store\/wp-json\/wp\/v2\/types\/product"}],"wp:featuredmedia":[{"embeddable":true,"href":"https:\/\/ctccollector.ca\/store\/wp-json\/wp\/v2\/media\/25145"}],"wp:attachment":[{"href":"https:\/\/ctccollector.ca\/store\/wp-json\/wp\/v2\/media?parent=18627"}],"wp:term":[{"taxonomy":"product_brand","embeddable":true,"href":"https:\/\/ctccollector.ca\/store\/wp-json\/wp\/v2\/product_brand?post=18627"},{"taxonomy":"product_cat","embeddable":true,"href":"https:\/\/ctccollector.ca\/store\/wp-json\/wp\/v2\/product_cat?post=18627"},{"taxonomy":"product_tag","embeddable":true,"href":"https:\/\/ctccollector.ca\/store\/wp-json\/wp\/v2\/product_tag?post=18627"}],"curies":[{"name":"wp","href":"https:\/\/api.w.org\/{rel}","templated":true}]}}