{"id":18663,"date":"2017-01-10T15:25:00","date_gmt":"2017-01-10T20:25:00","guid":{"rendered":"http:\/\/ctccollector.ca\/store\/?post_type=product&#038;p=18663"},"modified":"2025-01-30T00:05:51","modified_gmt":"2025-01-30T05:05:51","slug":"fa09-025-01-type-041-2402-0816-4009788","status":"publish","type":"product","link":"https:\/\/ctccollector.ca\/store\/shop\/fa09-025-01-type-041-2402-0816-4009788\/","title":{"rendered":"[:en]FA09-025-01-Type 041 &#8211; 2402-0816 &#8211; 4009788[:fr]FA09-025-01-Type 041 &#8211; 2402-0816 &#8211; 4009788[:]"},"content":{"rendered":"<p>[:en]Fixed Amount Series 9<br \/>\n$25.00 Beige Ornament<br \/>\n<br \/>Used, no value on card<br \/>\n2402 &#8211; <br \/>Card #4009788<br \/>\n<br \/>Date 08-2016[:fr]Montant Fixe s\u00e9ries 9<br \/>\n$25.00 D\u00e9coration beige<br \/>\n<br \/>Utilis\u00e9e, aucun valeur sur la carte<br \/>\n2402 &#8211; <br \/>Carte #4009788<br \/>\n<br \/>Date 08-2016[:]<\/p>\n","protected":false},"excerpt":{"rendered":"<p>[:en]Fixed Amount Series 9 $25.00 Beige Ornament Used, no value on card 2402 &#8211; Card #4009788 Date 08-2016[:fr]Montant Fixe s\u00e9ries 9 $25.00 D\u00e9coration beige Utilis\u00e9e, aucun valeur sur la carte 2402 &#8211; Carte #4009788 Date 08-2016[:]<\/p>\n","protected":false},"featured_media":18664,"template":"","meta":[],"product_brand":[886],"product_cat":[741],"product_tag":[],"class_list":{"0":"post-18663","1":"product","2":"type-product","3":"status-publish","4":"has-post-thumbnail","6":"product_brand-canadian-tire-2","7":"product_cat-fixed-amount-fa09","10":"first","11":"instock","12":"shipping-taxable","13":"purchasable","14":"product-type-simple"},"_links":{"self":[{"href":"https:\/\/ctccollector.ca\/store\/wp-json\/wp\/v2\/product\/18663","targetHints":{"allow":["GET"]}}],"collection":[{"href":"https:\/\/ctccollector.ca\/store\/wp-json\/wp\/v2\/product"}],"about":[{"href":"https:\/\/ctccollector.ca\/store\/wp-json\/wp\/v2\/types\/product"}],"wp:featuredmedia":[{"embeddable":true,"href":"https:\/\/ctccollector.ca\/store\/wp-json\/wp\/v2\/media\/18664"}],"wp:attachment":[{"href":"https:\/\/ctccollector.ca\/store\/wp-json\/wp\/v2\/media?parent=18663"}],"wp:term":[{"taxonomy":"product_brand","embeddable":true,"href":"https:\/\/ctccollector.ca\/store\/wp-json\/wp\/v2\/product_brand?post=18663"},{"taxonomy":"product_cat","embeddable":true,"href":"https:\/\/ctccollector.ca\/store\/wp-json\/wp\/v2\/product_cat?post=18663"},{"taxonomy":"product_tag","embeddable":true,"href":"https:\/\/ctccollector.ca\/store\/wp-json\/wp\/v2\/product_tag?post=18663"}],"curies":[{"name":"wp","href":"https:\/\/api.w.org\/{rel}","templated":true}]}}