{"id":18769,"date":"2017-01-18T11:43:00","date_gmt":"2017-01-18T16:43:00","guid":{"rendered":"http:\/\/ctccollector.ca\/store\/?post_type=product&#038;p=18769"},"modified":"2018-06-26T16:50:47","modified_gmt":"2018-06-26T20:50:47","slug":"ctc-7-j-m1024597-ef","status":"publish","type":"product","link":"https:\/\/ctccollector.ca\/store\/shop\/ctc-7-j-m1024597-ef\/","title":{"rendered":"CTC G07-J &#8211; M1024597  &#8211;  EF"},"content":{"rendered":"<p>[:en]Serial #: M1024597<\/p>\n<p>Grade: EF<\/p>\n<p>Denomination: $0.50<\/p>\n<p>Check out the image, this will be the actual note you are purchasing![:fr]S\u00e9rie #: M1024597<\/p>\n<p>Grade: EF<\/p>\n<p>D\u00e9nomination: $0.50<\/p>\n<p>Voir l&#8217;image pour examiner le billet que vous ach\u00e8terez![:]<\/p>\n","protected":false},"excerpt":{"rendered":"<p>[:en]Serial #: M1024597 Grade: EF Denomination: $0.50 Check out the image, this will be the actual note you are purchasing![:fr]S\u00e9rie #: M1024597 Grade: EF D\u00e9nomination: $0.50 Voir l&#8217;image pour examiner le billet que vous ach\u00e8terez![:]<\/p>\n","protected":false},"featured_media":18770,"template":"","meta":[],"product_brand":[884],"product_cat":[595],"product_tag":[],"class_list":{"0":"post-18769","1":"product","2":"type-product","3":"status-publish","4":"has-post-thumbnail","6":"product_brand-british-american-banknote","7":"product_cat-ctc-7-j-plain-m-prefix","10":"first","11":"instock","12":"shipping-taxable","13":"purchasable","14":"product-type-simple"},"_links":{"self":[{"href":"https:\/\/ctccollector.ca\/store\/wp-json\/wp\/v2\/product\/18769","targetHints":{"allow":["GET"]}}],"collection":[{"href":"https:\/\/ctccollector.ca\/store\/wp-json\/wp\/v2\/product"}],"about":[{"href":"https:\/\/ctccollector.ca\/store\/wp-json\/wp\/v2\/types\/product"}],"wp:featuredmedia":[{"embeddable":true,"href":"https:\/\/ctccollector.ca\/store\/wp-json\/wp\/v2\/media\/18770"}],"wp:attachment":[{"href":"https:\/\/ctccollector.ca\/store\/wp-json\/wp\/v2\/media?parent=18769"}],"wp:term":[{"taxonomy":"product_brand","embeddable":true,"href":"https:\/\/ctccollector.ca\/store\/wp-json\/wp\/v2\/product_brand?post=18769"},{"taxonomy":"product_cat","embeddable":true,"href":"https:\/\/ctccollector.ca\/store\/wp-json\/wp\/v2\/product_cat?post=18769"},{"taxonomy":"product_tag","embeddable":true,"href":"https:\/\/ctccollector.ca\/store\/wp-json\/wp\/v2\/product_tag?post=18769"}],"curies":[{"name":"wp","href":"https:\/\/api.w.org\/{rel}","templated":true}]}}