{"id":18771,"date":"2017-01-18T11:48:00","date_gmt":"2017-01-18T16:48:00","guid":{"rendered":"http:\/\/ctccollector.ca\/store\/?post_type=product&#038;p=18771"},"modified":"2024-10-09T19:48:46","modified_gmt":"2024-10-09T23:48:46","slug":"ctc-7-j-m0873494-ef","status":"publish","type":"product","link":"https:\/\/ctccollector.ca\/store\/shop\/ctc-7-j-m0873494-ef\/","title":{"rendered":"CTC G07-J &#8211; M0873494  &#8211;  EF"},"content":{"rendered":"<p>[:en]Serial #: M0873494<\/p>\n<p>Grade: EF<\/p>\n<p>Denomination: $0.50<\/p>\n<p>Check out the image, this will be the actual note you are purchasing![:fr]S\u00e9rie #: M0873494<\/p>\n<p>Grade: EF<\/p>\n<p>D\u00e9nomination: $0.50<\/p>\n<p>Voir l&#8217;image pour examiner le billet que vous ach\u00e8terez![:]<\/p>\n","protected":false},"excerpt":{"rendered":"<p>[:en]Serial #: M0873494 Grade: EF Denomination: $0.50 Check out the image, this will be the actual note you are purchasing![:fr]S\u00e9rie #: M0873494 Grade: EF D\u00e9nomination: $0.50 Voir l&#8217;image pour examiner le billet que vous ach\u00e8terez![:]<\/p>\n","protected":false},"featured_media":18772,"template":"","meta":[],"product_brand":[884],"product_cat":[595],"product_tag":[],"class_list":{"0":"post-18771","1":"product","2":"type-product","3":"status-publish","4":"has-post-thumbnail","6":"product_brand-british-american-banknote","7":"product_cat-ctc-7-j-plain-m-prefix","10":"first","11":"outofstock","12":"shipping-taxable","13":"purchasable","14":"product-type-simple"},"_links":{"self":[{"href":"https:\/\/ctccollector.ca\/store\/wp-json\/wp\/v2\/product\/18771","targetHints":{"allow":["GET"]}}],"collection":[{"href":"https:\/\/ctccollector.ca\/store\/wp-json\/wp\/v2\/product"}],"about":[{"href":"https:\/\/ctccollector.ca\/store\/wp-json\/wp\/v2\/types\/product"}],"wp:featuredmedia":[{"embeddable":true,"href":"https:\/\/ctccollector.ca\/store\/wp-json\/wp\/v2\/media\/18772"}],"wp:attachment":[{"href":"https:\/\/ctccollector.ca\/store\/wp-json\/wp\/v2\/media?parent=18771"}],"wp:term":[{"taxonomy":"product_brand","embeddable":true,"href":"https:\/\/ctccollector.ca\/store\/wp-json\/wp\/v2\/product_brand?post=18771"},{"taxonomy":"product_cat","embeddable":true,"href":"https:\/\/ctccollector.ca\/store\/wp-json\/wp\/v2\/product_cat?post=18771"},{"taxonomy":"product_tag","embeddable":true,"href":"https:\/\/ctccollector.ca\/store\/wp-json\/wp\/v2\/product_tag?post=18771"}],"curies":[{"name":"wp","href":"https:\/\/api.w.org\/{rel}","templated":true}]}}