{"id":18793,"date":"2017-01-25T03:41:00","date_gmt":"2017-01-25T08:41:00","guid":{"rendered":"http:\/\/ctccollector.ca\/store\/?post_type=product&#038;p=18793"},"modified":"2021-09-22T14:39:41","modified_gmt":"2021-09-22T18:39:41","slug":"ctc-s31-b11-04-0436210527-8-unc-two-notes-one-with-a-dark-back-one-light","status":"publish","type":"product","link":"https:\/\/ctccollector.ca\/store\/shop\/ctc-s31-b11-04-0436210527-8-unc-two-notes-one-with-a-dark-back-one-light\/","title":{"rendered":"[:en]CTC S31-B11-04 &#8211; 0436210527-8 &#8211; UNC &#8211; Two notes, one with a dark back, one light[:fr]CTC S31-B11-04 &#8211; 0436210527-8 &#8211; UNC &#8211; Deux billets, un avec le dos p\u00e2le et l&#8217;autre le dos fonc\u00e9[:]"},"content":{"rendered":"<p>[:en]Two notes, one with a dark back, one light. Check image for actual note you are purchasing.[:fr]Deux billets, un avec un c\u00f4t\u00e9 sombre et un avec de la lumi\u00e8re. Voir l\u2019image pour examiner les billets que vous ach\u00e8terez![:]<\/p>\n","protected":false},"excerpt":{"rendered":"<p>[:en]Two notes, one with a dark back, one light. Check image for actual note you are purchasing.[:fr]Deux billets, un avec un c\u00f4t\u00e9 sombre et un avec de la lumi\u00e8re. Voir l\u2019image pour examiner les billets que vous ach\u00e8terez![:]<\/p>\n","protected":false},"featured_media":18794,"template":"","meta":[],"product_brand":[885],"product_cat":[990,687],"product_tag":[],"class_list":{"0":"post-18793","1":"product","2":"type-product","3":"status-publish","4":"has-post-thumbnail","6":"product_brand-canadian-banknote","7":"product_cat-back-varieties","8":"product_cat-ctc-s31-5-varieties","11":"first","12":"instock","13":"shipping-taxable","14":"purchasable","15":"product-type-simple"},"_links":{"self":[{"href":"https:\/\/ctccollector.ca\/store\/wp-json\/wp\/v2\/product\/18793","targetHints":{"allow":["GET"]}}],"collection":[{"href":"https:\/\/ctccollector.ca\/store\/wp-json\/wp\/v2\/product"}],"about":[{"href":"https:\/\/ctccollector.ca\/store\/wp-json\/wp\/v2\/types\/product"}],"wp:featuredmedia":[{"embeddable":true,"href":"https:\/\/ctccollector.ca\/store\/wp-json\/wp\/v2\/media\/18794"}],"wp:attachment":[{"href":"https:\/\/ctccollector.ca\/store\/wp-json\/wp\/v2\/media?parent=18793"}],"wp:term":[{"taxonomy":"product_brand","embeddable":true,"href":"https:\/\/ctccollector.ca\/store\/wp-json\/wp\/v2\/product_brand?post=18793"},{"taxonomy":"product_cat","embeddable":true,"href":"https:\/\/ctccollector.ca\/store\/wp-json\/wp\/v2\/product_cat?post=18793"},{"taxonomy":"product_tag","embeddable":true,"href":"https:\/\/ctccollector.ca\/store\/wp-json\/wp\/v2\/product_tag?post=18793"}],"curies":[{"name":"wp","href":"https:\/\/api.w.org\/{rel}","templated":true}]}}