{"id":18975,"date":"2017-02-06T10:06:00","date_gmt":"2017-02-06T15:06:00","guid":{"rendered":"http:\/\/ctccollector.ca\/store\/?post_type=product&#038;p=18975"},"modified":"2022-06-07T11:38:35","modified_gmt":"2022-06-07T15:38:35","slug":"ctc-6-d-f0256616-fine","status":"publish","type":"product","link":"https:\/\/ctccollector.ca\/store\/shop\/ctc-6-d-f0256616-fine\/","title":{"rendered":"CTC G06-D &#8211; F0256616  &#8211;  FINE"},"content":{"rendered":"<p>[:en]Serial #: F0256616<\/p>\n<p>Grade: FINE<\/p>\n<p>Denomination: $0.20<\/p>\n<p>Check out the image, this will be the actual note you are purchasing![:fr]Num\u00e9ro de s\u00e9rie: F0256616<\/p>\n<p>Grade: FINE<\/p>\n<p>D\u00e9nomination: $0.20<\/p>\n<p>Voir l&#8217;image pour examiner le billet que vous ach\u00e8terez![:]<\/p>\n","protected":false},"excerpt":{"rendered":"<p>[:en]Serial #: F0256616 Grade: FINE Denomination: $0.20 Check out the image, this will be the actual note you are purchasing![:fr]Num\u00e9ro de s\u00e9rie: F0256616 Grade: FINE D\u00e9nomination: $0.20 Voir l&#8217;image pour examiner le billet que vous ach\u00e8terez![:]<\/p>\n","protected":false},"featured_media":18976,"template":"","meta":[],"product_brand":[884],"product_cat":[313],"product_tag":[],"class_list":{"0":"post-18975","1":"product","2":"type-product","3":"status-publish","4":"has-post-thumbnail","6":"product_brand-british-american-banknote","7":"product_cat-ctc-6-20-notes","10":"first","11":"instock","12":"shipping-taxable","13":"purchasable","14":"product-type-simple"},"_links":{"self":[{"href":"https:\/\/ctccollector.ca\/store\/wp-json\/wp\/v2\/product\/18975","targetHints":{"allow":["GET"]}}],"collection":[{"href":"https:\/\/ctccollector.ca\/store\/wp-json\/wp\/v2\/product"}],"about":[{"href":"https:\/\/ctccollector.ca\/store\/wp-json\/wp\/v2\/types\/product"}],"wp:featuredmedia":[{"embeddable":true,"href":"https:\/\/ctccollector.ca\/store\/wp-json\/wp\/v2\/media\/18976"}],"wp:attachment":[{"href":"https:\/\/ctccollector.ca\/store\/wp-json\/wp\/v2\/media?parent=18975"}],"wp:term":[{"taxonomy":"product_brand","embeddable":true,"href":"https:\/\/ctccollector.ca\/store\/wp-json\/wp\/v2\/product_brand?post=18975"},{"taxonomy":"product_cat","embeddable":true,"href":"https:\/\/ctccollector.ca\/store\/wp-json\/wp\/v2\/product_cat?post=18975"},{"taxonomy":"product_tag","embeddable":true,"href":"https:\/\/ctccollector.ca\/store\/wp-json\/wp\/v2\/product_tag?post=18975"}],"curies":[{"name":"wp","href":"https:\/\/api.w.org\/{rel}","templated":true}]}}