{"id":19597,"date":"2017-04-05T08:54:00","date_gmt":"2017-04-05T12:54:00","guid":{"rendered":"http:\/\/ctccollector.ca\/store\/?post_type=product&#038;p=19597"},"modified":"2021-09-22T14:32:03","modified_gmt":"2021-09-22T18:32:03","slug":"pld-c-us-f-r41118-new","status":"publish","type":"product","link":"https:\/\/ctccollector.ca\/store\/shop\/pld-c-us-f-r41118-new\/","title":{"rendered":"[:en]PLD-C-US-F &#8211; R41118 &#8211; New[:fr]PLD-C-US-F &#8211; R41118 &#8211; Nouveau[:]"},"content":{"rendered":"<p>[:en]15 Minute Prepaid Long Distance card for Canada and the USA, see the image! For collection <br \/>Only, not activated.[:fr]Carte d&#8217;appel interurbain 15 minutes pr\u00e9pay\u00e9 pour Canada et les \u00c9tats Unis, Voir l&#8217;image.   Pour la collection <br \/>Seulement, pas activ\u00e9e![:]<\/p>\n","protected":false},"excerpt":{"rendered":"<p>[:en]15 Minute Prepaid Long Distance card for Canada and the USA, see the image! For collection Only, not activated.[:fr]Carte d&#8217;appel interurbain 15 minutes pr\u00e9pay\u00e9 pour Canada et les \u00c9tats Unis, Voir l&#8217;image. Pour la collection Seulement, pas activ\u00e9e![:]<\/p>\n","protected":false},"featured_media":19598,"template":"","meta":[],"product_brand":[886],"product_cat":[256],"product_tag":[],"class_list":{"0":"post-19597","1":"product","2":"type-product","3":"status-publish","4":"has-post-thumbnail","6":"product_brand-canadian-tire-2","7":"product_cat-phone-cards","10":"first","11":"instock","12":"shipping-taxable","13":"purchasable","14":"product-type-simple"},"_links":{"self":[{"href":"https:\/\/ctccollector.ca\/store\/wp-json\/wp\/v2\/product\/19597","targetHints":{"allow":["GET"]}}],"collection":[{"href":"https:\/\/ctccollector.ca\/store\/wp-json\/wp\/v2\/product"}],"about":[{"href":"https:\/\/ctccollector.ca\/store\/wp-json\/wp\/v2\/types\/product"}],"wp:featuredmedia":[{"embeddable":true,"href":"https:\/\/ctccollector.ca\/store\/wp-json\/wp\/v2\/media\/19598"}],"wp:attachment":[{"href":"https:\/\/ctccollector.ca\/store\/wp-json\/wp\/v2\/media?parent=19597"}],"wp:term":[{"taxonomy":"product_brand","embeddable":true,"href":"https:\/\/ctccollector.ca\/store\/wp-json\/wp\/v2\/product_brand?post=19597"},{"taxonomy":"product_cat","embeddable":true,"href":"https:\/\/ctccollector.ca\/store\/wp-json\/wp\/v2\/product_cat?post=19597"},{"taxonomy":"product_tag","embeddable":true,"href":"https:\/\/ctccollector.ca\/store\/wp-json\/wp\/v2\/product_tag?post=19597"}],"curies":[{"name":"wp","href":"https:\/\/api.w.org\/{rel}","templated":true}]}}