{"id":21123,"date":"2017-08-23T13:41:29","date_gmt":"2017-08-23T17:41:29","guid":{"rendered":"http:\/\/ctccollector.ca\/store\/?post_type=product&#038;p=21123"},"modified":"2018-06-26T11:04:16","modified_gmt":"2018-06-26T15:04:16","slug":"ctc-3-c-x680024-ef-6-digit","status":"publish","type":"product","link":"https:\/\/ctccollector.ca\/store\/shop\/ctc-3-c-x680024-ef-6-digit\/","title":{"rendered":"[:en]CTC G03-C &#8211; X680024 &#8211; EF &#8211; 6 DIGIT[:fr]CTC G03-C &#8211; X680024 &#8211; EF &#8211; 6 chiffres[:]"},"content":{"rendered":"<p>[:en]6 digit serial number, see scan for actual note.[:fr]Num\u00e9ro de s\u00e9rie \u00e0 six chiffres, voir le scan pour le billet actuel.[:]<\/p>\n","protected":false},"excerpt":{"rendered":"<p>[:en]6 digit serial number, see scan for actual note.[:fr]Num\u00e9ro de s\u00e9rie \u00e0 six chiffres, voir le scan pour le billet actuel.[:]<\/p>\n","protected":false},"featured_media":21116,"template":"","meta":[],"product_brand":[],"product_cat":[895],"product_tag":[],"class_list":{"0":"post-21123","1":"product","2":"type-product","3":"status-publish","4":"has-post-thumbnail","6":"product_cat-ctc-3c-x-3-notes","9":"first","10":"instock","11":"shipping-taxable","12":"purchasable","13":"product-type-simple"},"_links":{"self":[{"href":"https:\/\/ctccollector.ca\/store\/wp-json\/wp\/v2\/product\/21123","targetHints":{"allow":["GET"]}}],"collection":[{"href":"https:\/\/ctccollector.ca\/store\/wp-json\/wp\/v2\/product"}],"about":[{"href":"https:\/\/ctccollector.ca\/store\/wp-json\/wp\/v2\/types\/product"}],"wp:featuredmedia":[{"embeddable":true,"href":"https:\/\/ctccollector.ca\/store\/wp-json\/wp\/v2\/media\/21116"}],"wp:attachment":[{"href":"https:\/\/ctccollector.ca\/store\/wp-json\/wp\/v2\/media?parent=21123"}],"wp:term":[{"taxonomy":"product_brand","embeddable":true,"href":"https:\/\/ctccollector.ca\/store\/wp-json\/wp\/v2\/product_brand?post=21123"},{"taxonomy":"product_cat","embeddable":true,"href":"https:\/\/ctccollector.ca\/store\/wp-json\/wp\/v2\/product_cat?post=21123"},{"taxonomy":"product_tag","embeddable":true,"href":"https:\/\/ctccollector.ca\/store\/wp-json\/wp\/v2\/product_tag?post=21123"}],"curies":[{"name":"wp","href":"https:\/\/api.w.org\/{rel}","templated":true}]}}