{"id":21127,"date":"2017-08-23T13:52:01","date_gmt":"2017-08-23T17:52:01","guid":{"rendered":"http:\/\/ctccollector.ca\/store\/?post_type=product&#038;p=21127"},"modified":"2018-06-26T11:02:10","modified_gmt":"2018-06-26T15:02:10","slug":"ctc-3-c-x272395-fine-6-digit","status":"publish","type":"product","link":"https:\/\/ctccollector.ca\/store\/shop\/ctc-3-c-x272395-fine-6-digit\/","title":{"rendered":"[:en]CTC G03-C &#8211; X272395  &#8211;  FINE &#8211; 6 DIGIT[:fr]CTC G03-C &#8211; X272395  &#8211;  FINE &#8211; 6 chiffres[:]"},"content":{"rendered":"<p>[:en]Serial #: X272395<\/p>\n<p>Grade: Fine<\/p>\n<p>Denomination: $0.03<\/p>\n<p>6 digit serial number, see scan for actual note.[:fr]S\u00e9rie #: X272395<\/p>\n<p>Grade: FINE<\/p>\n<p>D\u00e9nomination: $0.03<\/p>\n<p>Num\u00e9ro de s\u00e9rie de 6 chiffres, Voir l&#8217;image.[:]<\/p>\n","protected":false},"excerpt":{"rendered":"<p>[:en]Serial #: X272395 Grade: Fine Denomination: $0.03 6 digit serial number, see scan for actual note.[:fr]S\u00e9rie #: X272395 Grade: FINE D\u00e9nomination: $0.03 Num\u00e9ro de s\u00e9rie de 6 chiffres, Voir l&#8217;image.[:]<\/p>\n","protected":false},"featured_media":21120,"template":"","meta":[],"product_brand":[],"product_cat":[895],"product_tag":[],"class_list":{"0":"post-21127","1":"product","2":"type-product","3":"status-publish","4":"has-post-thumbnail","6":"product_cat-ctc-3c-x-3-notes","9":"first","10":"instock","11":"shipping-taxable","12":"purchasable","13":"product-type-simple"},"_links":{"self":[{"href":"https:\/\/ctccollector.ca\/store\/wp-json\/wp\/v2\/product\/21127","targetHints":{"allow":["GET"]}}],"collection":[{"href":"https:\/\/ctccollector.ca\/store\/wp-json\/wp\/v2\/product"}],"about":[{"href":"https:\/\/ctccollector.ca\/store\/wp-json\/wp\/v2\/types\/product"}],"wp:featuredmedia":[{"embeddable":true,"href":"https:\/\/ctccollector.ca\/store\/wp-json\/wp\/v2\/media\/21120"}],"wp:attachment":[{"href":"https:\/\/ctccollector.ca\/store\/wp-json\/wp\/v2\/media?parent=21127"}],"wp:term":[{"taxonomy":"product_brand","embeddable":true,"href":"https:\/\/ctccollector.ca\/store\/wp-json\/wp\/v2\/product_brand?post=21127"},{"taxonomy":"product_cat","embeddable":true,"href":"https:\/\/ctccollector.ca\/store\/wp-json\/wp\/v2\/product_cat?post=21127"},{"taxonomy":"product_tag","embeddable":true,"href":"https:\/\/ctccollector.ca\/store\/wp-json\/wp\/v2\/product_tag?post=21127"}],"curies":[{"name":"wp","href":"https:\/\/api.w.org\/{rel}","templated":true}]}}