{"id":21350,"date":"2017-09-05T12:08:28","date_gmt":"2017-09-05T16:08:28","guid":{"rendered":"http:\/\/ctccollector.ca\/store\/?post_type=product&#038;p=21350"},"modified":"2023-12-30T19:40:57","modified_gmt":"2023-12-31T00:40:57","slug":"ctc-s32-b-e-unc-complete-set-of-regular-notes-copy","status":"publish","type":"product","link":"https:\/\/ctccollector.ca\/store\/shop\/ctc-s32-b-e-unc-complete-set-of-regular-notes-copy\/","title":{"rendered":"[:en]CTC S33-B-C-D &amp; S34-C  &#8211;  UNC &#8211; Complete Set of Regular Notes[:fr]CTC S33-B-C-D &amp; S34-C  &#8211;  UNC &#8211; Ensemble complet de billets r\u00e9guliers[:]"},"content":{"rendered":"<p>[:en]Complete set of uncirculated CTC S33 and S34 notes.<\/p>\n<p class=\"p1\">CTC S33-B14 \u00a0 5\u00a2<\/p>\n<p class=\"p1\">CTC S33-C14 \u00a010\u00a2<\/p>\n<p class=\"p1\">CTC S33-D14 \u00a025\u00a2<\/p>\n<p class=\"p1\">CTC S33-D16 \u00a025\u00a2<\/p>\n<p class=\"p1\">CTC S34-C17 \u00a010\u00a2<\/p>\n<p>This set contains only the regular issue of notes, no varieties or replacements.<\/p>\n<p>Check out the image of the set, the serial numbers will vary from the image.[:fr]Ensemble de billets de la s\u00e9rie CTC S33 et S34 en UNC.<\/p>\n<p class=\"p1\">CTC S33-B14 \u00a0 5\u00a2<\/p>\n<p class=\"p1\">CTC S33-C14 \u00a010\u00a2<\/p>\n<p class=\"p1\">CTC S33-D14 \u00a025\u00a2<\/p>\n<p class=\"p1\">CTC S33-D16 \u00a025\u00a2<\/p>\n<p class=\"p1\">CTC S34-C17 \u00a010\u00a2<\/p>\n<p>Cet ensemble ne contient que les billets r\u00e9gulier et non des vari\u00e9t\u00e9s ou des remplacements.<\/p>\n<p>Voir l&#8217;image pour examiner l\u2019ensemble, les num\u00e9ros de s\u00e9rie varieront de l&#8217;image.[:]<\/p>\n","protected":false},"excerpt":{"rendered":"<p>[:en]Complete set of uncirculated CTC S33 and S34 notes. CTC S33-B14 \u00a0 5\u00a2 CTC S33-C14 \u00a010\u00a2 CTC S33-D14 \u00a025\u00a2 CTC S33-D16 \u00a025\u00a2 CTC S34-C17 \u00a010\u00a2 This set contains only the regular issue of notes, no varieties or replacements. Check out the image of the set, the serial numbers will vary from the image.[:fr]Ensemble de billets &hellip; <a href=\"https:\/\/ctccollector.ca\/store\/shop\/ctc-s32-b-e-unc-complete-set-of-regular-notes-copy\/\" class=\"more-link\">Continue reading <span class=\"screen-reader-text\">[:en]CTC S33-B-C-D &amp; S34-C  &#8211;  UNC &#8211; Complete Set of Regular Notes[:fr]CTC S33-B-C-D &amp; S34-C  &#8211;  UNC &#8211; Ensemble complet de billets r\u00e9guliers[:]<\/span> <span class=\"meta-nav\">&rarr;<\/span><\/a><\/p>\n","protected":false},"featured_media":21344,"template":"","meta":[],"product_brand":[],"product_cat":[255],"product_tag":[],"class_list":{"0":"post-21350","1":"product","2":"type-product","3":"status-publish","4":"has-post-thumbnail","6":"product_cat-beginner-sets","9":"first","10":"outofstock","11":"shipping-taxable","12":"purchasable","13":"product-type-simple"},"_links":{"self":[{"href":"https:\/\/ctccollector.ca\/store\/wp-json\/wp\/v2\/product\/21350","targetHints":{"allow":["GET"]}}],"collection":[{"href":"https:\/\/ctccollector.ca\/store\/wp-json\/wp\/v2\/product"}],"about":[{"href":"https:\/\/ctccollector.ca\/store\/wp-json\/wp\/v2\/types\/product"}],"wp:featuredmedia":[{"embeddable":true,"href":"https:\/\/ctccollector.ca\/store\/wp-json\/wp\/v2\/media\/21344"}],"wp:attachment":[{"href":"https:\/\/ctccollector.ca\/store\/wp-json\/wp\/v2\/media?parent=21350"}],"wp:term":[{"taxonomy":"product_brand","embeddable":true,"href":"https:\/\/ctccollector.ca\/store\/wp-json\/wp\/v2\/product_brand?post=21350"},{"taxonomy":"product_cat","embeddable":true,"href":"https:\/\/ctccollector.ca\/store\/wp-json\/wp\/v2\/product_cat?post=21350"},{"taxonomy":"product_tag","embeddable":true,"href":"https:\/\/ctccollector.ca\/store\/wp-json\/wp\/v2\/product_tag?post=21350"}],"curies":[{"name":"wp","href":"https:\/\/api.w.org\/{rel}","templated":true}]}}