{"id":21580,"date":"2017-10-09T14:39:45","date_gmt":"2017-10-09T18:39:45","guid":{"rendered":"https:\/\/ctccollector.ca\/store\/?post_type=product&#038;p=21580"},"modified":"2021-08-08T10:49:41","modified_gmt":"2021-08-08T14:49:41","slug":"el11-10-le-client-avant-tout-5-stars-silver-2014","status":"publish","type":"product","link":"https:\/\/ctccollector.ca\/store\/shop\/el11-10-le-client-avant-tout-5-stars-silver-2014\/","title":{"rendered":"[:en]EL11-10 &#8211; Le Client avant tout &#8211; 5 stars &#8211; Silver 2014[:fr]EL11-10 &#8211; Le Client avant tout &#8211; 5 \u00e9toiles &#8211; Argent 2014[:]"},"content":{"rendered":"<p>[:en]<\/p>\n<p class=\"p1\">Le Client avant tout &#8211; 5 stars &#8211; Silver 2014<\/p>\n<p>Size 25 mm<\/p>\n<p>See scan for the actual pin you will be purchasing.[:fr]<\/p>\n<p class=\"p1\">Le Client avant tout &#8211; 5 \u00e9toiles &#8211; Argent 2014<\/p>\n<p>Grandeur 25 mm<\/p>\n<p>Voir l\u2019image de l\u2019\u00e9pinglette r\u00e9elle que vous ach\u00e8terez.[:]<\/p>\n","protected":false},"excerpt":{"rendered":"<p>[:en] Le Client avant tout &#8211; 5 stars &#8211; Silver 2014 Size 25 mm See scan for the actual pin you will be purchasing.[:fr] Le Client avant tout &#8211; 5 \u00e9toiles &#8211; Argent 2014 Grandeur 25 mm Voir l\u2019image de l\u2019\u00e9pinglette r\u00e9elle que vous ach\u00e8terez.[:]<\/p>\n","protected":false},"featured_media":21571,"template":"","meta":[],"product_brand":[],"product_cat":[912],"product_tag":[],"class_list":{"0":"post-21580","1":"product","2":"type-product","3":"status-publish","4":"has-post-thumbnail","6":"product_cat-we-care-silver","9":"first","10":"instock","11":"shipping-taxable","12":"purchasable","13":"product-type-simple"},"_links":{"self":[{"href":"https:\/\/ctccollector.ca\/store\/wp-json\/wp\/v2\/product\/21580","targetHints":{"allow":["GET"]}}],"collection":[{"href":"https:\/\/ctccollector.ca\/store\/wp-json\/wp\/v2\/product"}],"about":[{"href":"https:\/\/ctccollector.ca\/store\/wp-json\/wp\/v2\/types\/product"}],"wp:featuredmedia":[{"embeddable":true,"href":"https:\/\/ctccollector.ca\/store\/wp-json\/wp\/v2\/media\/21571"}],"wp:attachment":[{"href":"https:\/\/ctccollector.ca\/store\/wp-json\/wp\/v2\/media?parent=21580"}],"wp:term":[{"taxonomy":"product_brand","embeddable":true,"href":"https:\/\/ctccollector.ca\/store\/wp-json\/wp\/v2\/product_brand?post=21580"},{"taxonomy":"product_cat","embeddable":true,"href":"https:\/\/ctccollector.ca\/store\/wp-json\/wp\/v2\/product_cat?post=21580"},{"taxonomy":"product_tag","embeddable":true,"href":"https:\/\/ctccollector.ca\/store\/wp-json\/wp\/v2\/product_tag?post=21580"}],"curies":[{"name":"wp","href":"https:\/\/api.w.org\/{rel}","templated":true}]}}