{"id":21910,"date":"2017-11-25T15:33:37","date_gmt":"2017-11-25T20:33:37","guid":{"rendered":"https:\/\/ctccollector.ca\/store\/?post_type=product&#038;p=21910"},"modified":"2021-08-08T10:47:49","modified_gmt":"2021-08-08T14:47:49","slug":"el10-02-le-client-avant-tout-1-star-bronze-2014","status":"publish","type":"product","link":"https:\/\/ctccollector.ca\/store\/shop\/el10-02-le-client-avant-tout-1-star-bronze-2014\/","title":{"rendered":"[:en]EL10-02 &#8211; Le Client avant tout &#8211; 1 Star &#8211; Bronze 2014[:fr]EL10-02 &#8211; Le Client avant tout &#8211; Une \u00e9toile &#8211; Bronze 2014[:]"},"content":{"rendered":"<p>[:en]<\/p>\n<p class=\"p1\">Le Client avant tout &#8211; 1 Star &#8211; Bronze 2014<\/p>\n<p>Size 25 mm<\/p>\n<p>See scan for the actual pin you will be purchasing.[:fr]<\/p>\n<p class=\"p1\">Le Client avant tout\u00a0&#8211; Une \u00e9toile &#8211; Bronze 2014<\/p>\n<p>Grandeur 25 mm<\/p>\n<p>Voir l\u2019image de l\u2019\u00e9pinglette r\u00e9elle que vous ach\u00e8terez.[:]<\/p>\n","protected":false},"excerpt":{"rendered":"<p>[:en] Le Client avant tout &#8211; 1 Star &#8211; Bronze 2014 Size 25 mm See scan for the actual pin you will be purchasing.[:fr] Le Client avant tout\u00a0&#8211; Une \u00e9toile &#8211; Bronze 2014 Grandeur 25 mm Voir l\u2019image de l\u2019\u00e9pinglette r\u00e9elle que vous ach\u00e8terez.[:]<\/p>\n","protected":false},"featured_media":21901,"template":"","meta":[],"product_brand":[],"product_cat":[911],"product_tag":[],"class_list":{"0":"post-21910","1":"product","2":"type-product","3":"status-publish","4":"has-post-thumbnail","6":"product_cat-we-care-bronze","9":"first","10":"instock","11":"shipping-taxable","12":"purchasable","13":"product-type-simple"},"_links":{"self":[{"href":"https:\/\/ctccollector.ca\/store\/wp-json\/wp\/v2\/product\/21910","targetHints":{"allow":["GET"]}}],"collection":[{"href":"https:\/\/ctccollector.ca\/store\/wp-json\/wp\/v2\/product"}],"about":[{"href":"https:\/\/ctccollector.ca\/store\/wp-json\/wp\/v2\/types\/product"}],"wp:featuredmedia":[{"embeddable":true,"href":"https:\/\/ctccollector.ca\/store\/wp-json\/wp\/v2\/media\/21901"}],"wp:attachment":[{"href":"https:\/\/ctccollector.ca\/store\/wp-json\/wp\/v2\/media?parent=21910"}],"wp:term":[{"taxonomy":"product_brand","embeddable":true,"href":"https:\/\/ctccollector.ca\/store\/wp-json\/wp\/v2\/product_brand?post=21910"},{"taxonomy":"product_cat","embeddable":true,"href":"https:\/\/ctccollector.ca\/store\/wp-json\/wp\/v2\/product_cat?post=21910"},{"taxonomy":"product_tag","embeddable":true,"href":"https:\/\/ctccollector.ca\/store\/wp-json\/wp\/v2\/product_tag?post=21910"}],"curies":[{"name":"wp","href":"https:\/\/api.w.org\/{rel}","templated":true}]}}