{"id":22004,"date":"2017-11-28T14:56:32","date_gmt":"2017-11-28T19:56:32","guid":{"rendered":"https:\/\/ctccollector.ca\/store\/?post_type=product&#038;p=22004"},"modified":"2017-11-28T14:57:28","modified_gmt":"2017-11-28T19:57:28","slug":"ctc-s18-da-1750050061-unc","status":"publish","type":"product","link":"https:\/\/ctccollector.ca\/store\/shop\/ctc-s18-da-1750050061-unc\/","title":{"rendered":"CTC S18-Da &#8211; 1750050061  &#8211;  UNC"},"content":{"rendered":"<p>[:en]Serial #: \u00a01750050061<\/p>\n<p>Grade: \u00a0UNC<\/p>\n<p>Denomination: \u00a0$0.25<\/p>\n<p>Replacement note overprinted for the 25th anniversary of the CTCCC[:fr]S\u00e9rie #:\u00a0 1750050061<\/p>\n<p>Grade: \u00a0UNC<\/p>\n<p>D\u00e9nomination: \u00a0$0.25<\/p>\n<p>Remplacement sur-imprim\u00e9 pour c\u00e9l\u00e9brez le 25e anniversaire du CTCCC[:]<\/p>\n","protected":false},"excerpt":{"rendered":"<p>[:en]Serial #: \u00a01750050061 Grade: \u00a0UNC Denomination: \u00a0$0.25 Replacement note overprinted for the 25th anniversary of the CTCCC[:fr]S\u00e9rie #:\u00a0 1750050061 Grade: \u00a0UNC D\u00e9nomination: \u00a0$0.25 Remplacement sur-imprim\u00e9 pour c\u00e9l\u00e9brez le 25e anniversaire du CTCCC[:]<\/p>\n","protected":false},"featured_media":21995,"template":"","meta":[],"product_brand":[],"product_cat":[525],"product_tag":[],"class_list":{"0":"post-22004","1":"product","2":"type-product","3":"status-publish","4":"has-post-thumbnail","6":"product_cat-ctc-s18-25-replacements-3","9":"first","10":"instock","11":"shipping-taxable","12":"purchasable","13":"product-type-simple"},"_links":{"self":[{"href":"https:\/\/ctccollector.ca\/store\/wp-json\/wp\/v2\/product\/22004","targetHints":{"allow":["GET"]}}],"collection":[{"href":"https:\/\/ctccollector.ca\/store\/wp-json\/wp\/v2\/product"}],"about":[{"href":"https:\/\/ctccollector.ca\/store\/wp-json\/wp\/v2\/types\/product"}],"wp:featuredmedia":[{"embeddable":true,"href":"https:\/\/ctccollector.ca\/store\/wp-json\/wp\/v2\/media\/21995"}],"wp:attachment":[{"href":"https:\/\/ctccollector.ca\/store\/wp-json\/wp\/v2\/media?parent=22004"}],"wp:term":[{"taxonomy":"product_brand","embeddable":true,"href":"https:\/\/ctccollector.ca\/store\/wp-json\/wp\/v2\/product_brand?post=22004"},{"taxonomy":"product_cat","embeddable":true,"href":"https:\/\/ctccollector.ca\/store\/wp-json\/wp\/v2\/product_cat?post=22004"},{"taxonomy":"product_tag","embeddable":true,"href":"https:\/\/ctccollector.ca\/store\/wp-json\/wp\/v2\/product_tag?post=22004"}],"curies":[{"name":"wp","href":"https:\/\/api.w.org\/{rel}","templated":true}]}}